{"id":265,"date":"2019-06-21T19:33:48","date_gmt":"2019-06-21T22:33:48","guid":{"rendered":"https:\/\/disaeng.com\/?page_id=265"},"modified":"2019-07-02T18:53:57","modified_gmt":"2019-07-02T21:53:57","slug":"quem-somos","status":"publish","type":"page","link":"https:\/\/disaeng.com\/?page_id=265","title":{"rendered":"DISA Engenharia e Consultoria"},"content":{"rendered":"<p>A DISA Engenharia e Consultoria \u00e9 uma empresa nacional que traz em sua identidade a transpar\u00eancia e parceria com seus clientes e fornecedores.<\/p>\n<p>Nossos principais servi\u00e7os s\u00e3o relacionados \u00e0 recupera\u00e7\u00e3o estrutural, reformas, restaura\u00e7\u00e3o e refor\u00e7o de edifica\u00e7\u00f5es, sejam elas de estruturas robustas ou patrim\u00f4nios tombados.<\/p>\n<p>A DISA atrav\u00e9s do forte relacionamento com seus clientes, identificou neles a necessidade de gerenciarem seus projetos com qualidade t\u00e9cnica e expandiu, criando assim a \u00e1rea de Gerenciamento e Planejamento de Projetos, cujo objetivo \u00e9 o de garantir a entrega dos projetos dentro dos crit\u00e9rios de prazo e custo preestabelecidos e atendendo crit\u00e9rios de seguran\u00e7a baseando-se em normas t\u00e9cnicas nacionais e internacionais.<\/p>\n<p>Nosso principal diferencial \u00e9 o comprometimento com a qualidade dos servi\u00e7os prestados aos nossos clientes.<\/p>\n<p>Em todos os nossos contratos contamos com profissionais capacitados que planejam as obras, identificando e antecipando as poss\u00edveis interfer\u00eancias, propondo as solu\u00e7\u00f5es necess\u00e1rias perante os prazos preestabelecidos. Dessa forma, geramos maior economia para os nossos clientes.<\/p>\n","protected":false},"excerpt":{"rendered":"<p>A DISA Engenharia e Consultoria \u00e9 uma empresa nacional que traz em sua identidade a transpar\u00eancia e parceria com seus [&hellip;]<\/p>\n","protected":false},"author":3,"featured_media":0,"parent":0,"menu_order":0,"comment_status":"closed","ping_status":"closed","template":"page-templates\/template_fullwidth.php","meta":{"footnotes":""},"class_list":["post-265","page","type-page","status-publish","hentry"],"yoast_head":"<!-- This site is optimized with the Yoast SEO plugin v27.5 - https:\/\/yoast.com\/product\/yoast-seo-wordpress\/ -->\n<title>DISA Engenharia e Consultoria | Disa Engenharia<\/title>\n<meta name=\"robots\" content=\"index, follow, max-snippet:-1, max-image-preview:large, max-video-preview:-1\" \/>\n<link rel=\"canonical\" href=\"https:\/\/disaeng.com\/?page_id=265\" \/>\n<meta property=\"og:locale\" content=\"pt_BR\" \/>\n<meta property=\"og:type\" content=\"article\" \/>\n<meta property=\"og:title\" content=\"DISA Engenharia e Consultoria | Disa Engenharia\" \/>\n<meta property=\"og:description\" content=\"A DISA Engenharia e Consultoria \u00e9 uma empresa nacional que traz em sua identidade a transpar\u00eancia e parceria com seus [&hellip;]\" \/>\n<meta property=\"og:url\" content=\"https:\/\/disaeng.com\/?page_id=265\" \/>\n<meta property=\"og:site_name\" content=\"Disa Engenharia\" \/>\n<meta property=\"article:modified_time\" content=\"2019-07-02T21:53:57+00:00\" \/>\n<meta name=\"twitter:card\" content=\"summary_large_image\" \/>\n<meta name=\"twitter:label1\" content=\"Est. tempo de leitura\" \/>\n\t<meta name=\"twitter:data1\" content=\"1 minuto\" \/>\n<script type=\"application\/ld+json\" class=\"yoast-schema-graph\">{\"@context\":\"https:\\\/\\\/schema.org\",\"@graph\":[{\"@type\":\"WebPage\",\"@id\":\"https:\\\/\\\/disaeng.com\\\/?page_id=265\",\"url\":\"https:\\\/\\\/disaeng.com\\\/?page_id=265\",\"name\":\"DISA Engenharia e Consultoria | Disa Engenharia\",\"isPartOf\":{\"@id\":\"https:\\\/\\\/disaeng.com\\\/#website\"},\"datePublished\":\"2019-06-21T22:33:48+00:00\",\"dateModified\":\"2019-07-02T21:53:57+00:00\",\"breadcrumb\":{\"@id\":\"https:\\\/\\\/disaeng.com\\\/?page_id=265#breadcrumb\"},\"inLanguage\":\"pt-BR\",\"potentialAction\":[{\"@type\":\"ReadAction\",\"target\":[\"https:\\\/\\\/disaeng.com\\\/?page_id=265\"]}]},{\"@type\":\"BreadcrumbList\",\"@id\":\"https:\\\/\\\/disaeng.com\\\/?page_id=265#breadcrumb\",\"itemListElement\":[{\"@type\":\"ListItem\",\"position\":1,\"name\":\"In\u00edcio\",\"item\":\"https:\\\/\\\/disaeng.com\\\/\"},{\"@type\":\"ListItem\",\"position\":2,\"name\":\"DISA Engenharia e Consultoria\"}]},{\"@type\":\"WebSite\",\"@id\":\"https:\\\/\\\/disaeng.com\\\/#website\",\"url\":\"https:\\\/\\\/disaeng.com\\\/\",\"name\":\"Disa Engenharia\",\"description\":\"Engenharia Consultoria\",\"publisher\":{\"@id\":\"https:\\\/\\\/disaeng.com\\\/#organization\"},\"potentialAction\":[{\"@type\":\"SearchAction\",\"target\":{\"@type\":\"EntryPoint\",\"urlTemplate\":\"https:\\\/\\\/disaeng.com\\\/?s={search_term_string}\"},\"query-input\":{\"@type\":\"PropertyValueSpecification\",\"valueRequired\":true,\"valueName\":\"search_term_string\"}}],\"inLanguage\":\"pt-BR\"},{\"@type\":\"Organization\",\"@id\":\"https:\\\/\\\/disaeng.com\\\/#organization\",\"name\":\"Disa Engenharia\",\"url\":\"https:\\\/\\\/disaeng.com\\\/\",\"logo\":{\"@type\":\"ImageObject\",\"inLanguage\":\"pt-BR\",\"@id\":\"https:\\\/\\\/disaeng.com\\\/#\\\/schema\\\/logo\\\/image\\\/\",\"url\":\"https:\\\/\\\/disaeng.com\\\/wp-content\\\/uploads\\\/2019\\\/04\\\/logo-disaeng-fundo.png\",\"contentUrl\":\"https:\\\/\\\/disaeng.com\\\/wp-content\\\/uploads\\\/2019\\\/04\\\/logo-disaeng-fundo.png\",\"width\":181,\"height\":80,\"caption\":\"Disa Engenharia\"},\"image\":{\"@id\":\"https:\\\/\\\/disaeng.com\\\/#\\\/schema\\\/logo\\\/image\\\/\"}}]}<\/script>\n<!-- \/ Yoast SEO plugin. -->","yoast_head_json":{"title":"DISA Engenharia e Consultoria | Disa Engenharia","robots":{"index":"index","follow":"follow","max-snippet":"max-snippet:-1","max-image-preview":"max-image-preview:large","max-video-preview":"max-video-preview:-1"},"canonical":"https:\/\/disaeng.com\/?page_id=265","og_locale":"pt_BR","og_type":"article","og_title":"DISA Engenharia e Consultoria | Disa Engenharia","og_description":"A DISA Engenharia e Consultoria \u00e9 uma empresa nacional que traz em sua identidade a transpar\u00eancia e parceria com seus [&hellip;]","og_url":"https:\/\/disaeng.com\/?page_id=265","og_site_name":"Disa Engenharia","article_modified_time":"2019-07-02T21:53:57+00:00","twitter_card":"summary_large_image","twitter_misc":{"Est. tempo de leitura":"1 minuto"},"schema":{"@context":"https:\/\/schema.org","@graph":[{"@type":"WebPage","@id":"https:\/\/disaeng.com\/?page_id=265","url":"https:\/\/disaeng.com\/?page_id=265","name":"DISA Engenharia e Consultoria | Disa Engenharia","isPartOf":{"@id":"https:\/\/disaeng.com\/#website"},"datePublished":"2019-06-21T22:33:48+00:00","dateModified":"2019-07-02T21:53:57+00:00","breadcrumb":{"@id":"https:\/\/disaeng.com\/?page_id=265#breadcrumb"},"inLanguage":"pt-BR","potentialAction":[{"@type":"ReadAction","target":["https:\/\/disaeng.com\/?page_id=265"]}]},{"@type":"BreadcrumbList","@id":"https:\/\/disaeng.com\/?page_id=265#breadcrumb","itemListElement":[{"@type":"ListItem","position":1,"name":"In\u00edcio","item":"https:\/\/disaeng.com\/"},{"@type":"ListItem","position":2,"name":"DISA Engenharia e Consultoria"}]},{"@type":"WebSite","@id":"https:\/\/disaeng.com\/#website","url":"https:\/\/disaeng.com\/","name":"Disa Engenharia","description":"Engenharia Consultoria","publisher":{"@id":"https:\/\/disaeng.com\/#organization"},"potentialAction":[{"@type":"SearchAction","target":{"@type":"EntryPoint","urlTemplate":"https:\/\/disaeng.com\/?s={search_term_string}"},"query-input":{"@type":"PropertyValueSpecification","valueRequired":true,"valueName":"search_term_string"}}],"inLanguage":"pt-BR"},{"@type":"Organization","@id":"https:\/\/disaeng.com\/#organization","name":"Disa Engenharia","url":"https:\/\/disaeng.com\/","logo":{"@type":"ImageObject","inLanguage":"pt-BR","@id":"https:\/\/disaeng.com\/#\/schema\/logo\/image\/","url":"https:\/\/disaeng.com\/wp-content\/uploads\/2019\/04\/logo-disaeng-fundo.png","contentUrl":"https:\/\/disaeng.com\/wp-content\/uploads\/2019\/04\/logo-disaeng-fundo.png","width":181,"height":80,"caption":"Disa Engenharia"},"image":{"@id":"https:\/\/disaeng.com\/#\/schema\/logo\/image\/"}}]}},"_links":{"self":[{"href":"https:\/\/disaeng.com\/index.php?rest_route=\/wp\/v2\/pages\/265","targetHints":{"allow":["GET"]}}],"collection":[{"href":"https:\/\/disaeng.com\/index.php?rest_route=\/wp\/v2\/pages"}],"about":[{"href":"https:\/\/disaeng.com\/index.php?rest_route=\/wp\/v2\/types\/page"}],"author":[{"embeddable":true,"href":"https:\/\/disaeng.com\/index.php?rest_route=\/wp\/v2\/users\/3"}],"replies":[{"embeddable":true,"href":"https:\/\/disaeng.com\/index.php?rest_route=%2Fwp%2Fv2%2Fcomments&post=265"}],"version-history":[{"count":3,"href":"https:\/\/disaeng.com\/index.php?rest_route=\/wp\/v2\/pages\/265\/revisions"}],"predecessor-version":[{"id":363,"href":"https:\/\/disaeng.com\/index.php?rest_route=\/wp\/v2\/pages\/265\/revisions\/363"}],"wp:attachment":[{"href":"https:\/\/disaeng.com\/index.php?rest_route=%2Fwp%2Fv2%2Fmedia&parent=265"}],"curies":[{"name":"wp","href":"https:\/\/api.w.org\/{rel}","templated":true}]}}