{"id":306,"date":"2019-06-24T18:47:11","date_gmt":"2019-06-24T21:47:11","guid":{"rendered":"https:\/\/disaeng.com\/?page_id=306"},"modified":"2019-07-02T19:06:56","modified_gmt":"2019-07-02T22:06:56","slug":"recuperacao-estrutural","status":"publish","type":"page","link":"https:\/\/disaeng.com\/?page_id=306","title":{"rendered":"RECUPERA\u00c7\u00c3O ESTRUTURAL"},"content":{"rendered":"\t\t<div data-elementor-type=\"wp-post\" data-elementor-id=\"306\" class=\"elementor elementor-306\">\n\t\t\t\t\t\t<section class=\"elementor-section elementor-top-section elementor-element elementor-element-d76c972 elementor-section-boxed elementor-section-height-default elementor-section-height-default\" data-id=\"d76c972\" data-element_type=\"section\" data-e-type=\"section\">\n\t\t\t\t\t\t<div class=\"elementor-container elementor-column-gap-default\">\n\t\t\t\t\t<div class=\"elementor-column elementor-col-100 elementor-top-column elementor-element elementor-element-c2b1774\" data-id=\"c2b1774\" data-element_type=\"column\" data-e-type=\"column\">\n\t\t\t<div class=\"elementor-widget-wrap elementor-element-populated\">\n\t\t\t\t\t\t<div class=\"elementor-element elementor-element-d2a9f98 elementor-widget elementor-widget-text-editor\" data-id=\"d2a9f98\" data-element_type=\"widget\" data-e-type=\"widget\" data-widget_type=\"text-editor.default\">\n\t\t\t\t<div class=\"elementor-widget-container\">\n\t\t\t\t\t\t\t\t\t<p>A DISA Engenharia e Consultoria possui os procedimentos mais avan\u00e7ados, garantindo ao cliente seguran\u00e7a e economia na recupera\u00e7\u00e3o de estruturas met\u00e1licas e de concreto.<\/p>\t\t\t\t\t\t\t\t<\/div>\n\t\t\t\t<\/div>\n\t\t\t\t\t<\/div>\n\t\t<\/div>\n\t\t\t\t\t<\/div>\n\t\t<\/section>\n\t\t\t\t<section class=\"elementor-section elementor-top-section elementor-element elementor-element-a79a5f8 elementor-section-boxed elementor-section-height-default elementor-section-height-default\" data-id=\"a79a5f8\" data-element_type=\"section\" data-e-type=\"section\">\n\t\t\t\t\t\t<div class=\"elementor-container elementor-column-gap-default\">\n\t\t\t\t\t<div class=\"elementor-column elementor-col-100 elementor-top-column elementor-element elementor-element-31fa2b6\" data-id=\"31fa2b6\" data-element_type=\"column\" data-e-type=\"column\">\n\t\t\t<div class=\"elementor-widget-wrap elementor-element-populated\">\n\t\t\t\t\t\t<div class=\"elementor-element elementor-element-3b421f5 elementor-widget elementor-widget-text-editor\" data-id=\"3b421f5\" data-element_type=\"widget\" data-e-type=\"widget\" data-widget_type=\"text-editor.default\">\n\t\t\t\t<div class=\"elementor-widget-container\">\n\t\t\t\t\t\t\t\t\t<h5>PRINCIPAIS SERVI\u00c7OS EXECUTADOS:<\/h5><p>\u2022 Per\u00edcias e laudos estruturais;<br \/>\u2022 Refor\u00e7o de vigas, pilares, marquises, lajes, funda\u00e7\u00f5es;<br \/>\u2022 Inje\u00e7\u00e3o e colmata\u00e7\u00e3o de fissuras;<br \/>\u2022 Tratamento de concreto;<br \/>\u2022 Alteamento e macaqueamento de estruras.<\/p>\t\t\t\t\t\t\t\t<\/div>\n\t\t\t\t<\/div>\n\t\t\t\t\t<\/div>\n\t\t<\/div>\n\t\t\t\t\t<\/div>\n\t\t<\/section>\n\t\t\t\t<\/div>\n\t\t","protected":false},"excerpt":{"rendered":"<p>A DISA Engenharia e Consultoria possui os procedimentos mais avan\u00e7ados, garantindo ao cliente seguran\u00e7a e economia na recupera\u00e7\u00e3o de estruturas [&hellip;]<\/p>\n","protected":false},"author":2,"featured_media":0,"parent":0,"menu_order":0,"comment_status":"closed","ping_status":"closed","template":"","meta":{"footnotes":""},"class_list":["post-306","page","type-page","status-publish","hentry"],"yoast_head":"<!-- This site is optimized with the Yoast SEO plugin v27.5 - https:\/\/yoast.com\/product\/yoast-seo-wordpress\/ -->\n<title>RECUPERA\u00c7\u00c3O ESTRUTURAL | Disa Engenharia<\/title>\n<meta name=\"robots\" content=\"index, follow, max-snippet:-1, max-image-preview:large, max-video-preview:-1\" \/>\n<link rel=\"canonical\" href=\"https:\/\/disaeng.com\/?page_id=306\" \/>\n<meta property=\"og:locale\" content=\"pt_BR\" \/>\n<meta property=\"og:type\" content=\"article\" \/>\n<meta property=\"og:title\" content=\"RECUPERA\u00c7\u00c3O ESTRUTURAL | Disa Engenharia\" \/>\n<meta property=\"og:description\" content=\"A DISA Engenharia e Consultoria possui os procedimentos mais avan\u00e7ados, garantindo ao cliente seguran\u00e7a e economia na recupera\u00e7\u00e3o de estruturas [&hellip;]\" \/>\n<meta property=\"og:url\" content=\"https:\/\/disaeng.com\/?page_id=306\" \/>\n<meta property=\"og:site_name\" content=\"Disa Engenharia\" \/>\n<meta property=\"article:modified_time\" content=\"2019-07-02T22:06:56+00:00\" \/>\n<meta name=\"twitter:card\" content=\"summary_large_image\" \/>\n<script type=\"application\/ld+json\" class=\"yoast-schema-graph\">{\"@context\":\"https:\\\/\\\/schema.org\",\"@graph\":[{\"@type\":\"WebPage\",\"@id\":\"https:\\\/\\\/disaeng.com\\\/?page_id=306\",\"url\":\"https:\\\/\\\/disaeng.com\\\/?page_id=306\",\"name\":\"RECUPERA\u00c7\u00c3O ESTRUTURAL | Disa Engenharia\",\"isPartOf\":{\"@id\":\"https:\\\/\\\/disaeng.com\\\/#website\"},\"datePublished\":\"2019-06-24T21:47:11+00:00\",\"dateModified\":\"2019-07-02T22:06:56+00:00\",\"breadcrumb\":{\"@id\":\"https:\\\/\\\/disaeng.com\\\/?page_id=306#breadcrumb\"},\"inLanguage\":\"pt-BR\",\"potentialAction\":[{\"@type\":\"ReadAction\",\"target\":[\"https:\\\/\\\/disaeng.com\\\/?page_id=306\"]}]},{\"@type\":\"BreadcrumbList\",\"@id\":\"https:\\\/\\\/disaeng.com\\\/?page_id=306#breadcrumb\",\"itemListElement\":[{\"@type\":\"ListItem\",\"position\":1,\"name\":\"In\u00edcio\",\"item\":\"https:\\\/\\\/disaeng.com\\\/\"},{\"@type\":\"ListItem\",\"position\":2,\"name\":\"RECUPERA\u00c7\u00c3O ESTRUTURAL\"}]},{\"@type\":\"WebSite\",\"@id\":\"https:\\\/\\\/disaeng.com\\\/#website\",\"url\":\"https:\\\/\\\/disaeng.com\\\/\",\"name\":\"Disa Engenharia\",\"description\":\"Engenharia Consultoria\",\"publisher\":{\"@id\":\"https:\\\/\\\/disaeng.com\\\/#organization\"},\"potentialAction\":[{\"@type\":\"SearchAction\",\"target\":{\"@type\":\"EntryPoint\",\"urlTemplate\":\"https:\\\/\\\/disaeng.com\\\/?s={search_term_string}\"},\"query-input\":{\"@type\":\"PropertyValueSpecification\",\"valueRequired\":true,\"valueName\":\"search_term_string\"}}],\"inLanguage\":\"pt-BR\"},{\"@type\":\"Organization\",\"@id\":\"https:\\\/\\\/disaeng.com\\\/#organization\",\"name\":\"Disa Engenharia\",\"url\":\"https:\\\/\\\/disaeng.com\\\/\",\"logo\":{\"@type\":\"ImageObject\",\"inLanguage\":\"pt-BR\",\"@id\":\"https:\\\/\\\/disaeng.com\\\/#\\\/schema\\\/logo\\\/image\\\/\",\"url\":\"https:\\\/\\\/disaeng.com\\\/wp-content\\\/uploads\\\/2019\\\/04\\\/logo-disaeng-fundo.png\",\"contentUrl\":\"https:\\\/\\\/disaeng.com\\\/wp-content\\\/uploads\\\/2019\\\/04\\\/logo-disaeng-fundo.png\",\"width\":181,\"height\":80,\"caption\":\"Disa Engenharia\"},\"image\":{\"@id\":\"https:\\\/\\\/disaeng.com\\\/#\\\/schema\\\/logo\\\/image\\\/\"}}]}<\/script>\n<!-- \/ Yoast SEO plugin. -->","yoast_head_json":{"title":"RECUPERA\u00c7\u00c3O ESTRUTURAL | Disa Engenharia","robots":{"index":"index","follow":"follow","max-snippet":"max-snippet:-1","max-image-preview":"max-image-preview:large","max-video-preview":"max-video-preview:-1"},"canonical":"https:\/\/disaeng.com\/?page_id=306","og_locale":"pt_BR","og_type":"article","og_title":"RECUPERA\u00c7\u00c3O ESTRUTURAL | Disa Engenharia","og_description":"A DISA Engenharia e Consultoria possui os procedimentos mais avan\u00e7ados, garantindo ao cliente seguran\u00e7a e economia na recupera\u00e7\u00e3o de estruturas [&hellip;]","og_url":"https:\/\/disaeng.com\/?page_id=306","og_site_name":"Disa Engenharia","article_modified_time":"2019-07-02T22:06:56+00:00","twitter_card":"summary_large_image","schema":{"@context":"https:\/\/schema.org","@graph":[{"@type":"WebPage","@id":"https:\/\/disaeng.com\/?page_id=306","url":"https:\/\/disaeng.com\/?page_id=306","name":"RECUPERA\u00c7\u00c3O ESTRUTURAL | Disa Engenharia","isPartOf":{"@id":"https:\/\/disaeng.com\/#website"},"datePublished":"2019-06-24T21:47:11+00:00","dateModified":"2019-07-02T22:06:56+00:00","breadcrumb":{"@id":"https:\/\/disaeng.com\/?page_id=306#breadcrumb"},"inLanguage":"pt-BR","potentialAction":[{"@type":"ReadAction","target":["https:\/\/disaeng.com\/?page_id=306"]}]},{"@type":"BreadcrumbList","@id":"https:\/\/disaeng.com\/?page_id=306#breadcrumb","itemListElement":[{"@type":"ListItem","position":1,"name":"In\u00edcio","item":"https:\/\/disaeng.com\/"},{"@type":"ListItem","position":2,"name":"RECUPERA\u00c7\u00c3O ESTRUTURAL"}]},{"@type":"WebSite","@id":"https:\/\/disaeng.com\/#website","url":"https:\/\/disaeng.com\/","name":"Disa Engenharia","description":"Engenharia Consultoria","publisher":{"@id":"https:\/\/disaeng.com\/#organization"},"potentialAction":[{"@type":"SearchAction","target":{"@type":"EntryPoint","urlTemplate":"https:\/\/disaeng.com\/?s={search_term_string}"},"query-input":{"@type":"PropertyValueSpecification","valueRequired":true,"valueName":"search_term_string"}}],"inLanguage":"pt-BR"},{"@type":"Organization","@id":"https:\/\/disaeng.com\/#organization","name":"Disa Engenharia","url":"https:\/\/disaeng.com\/","logo":{"@type":"ImageObject","inLanguage":"pt-BR","@id":"https:\/\/disaeng.com\/#\/schema\/logo\/image\/","url":"https:\/\/disaeng.com\/wp-content\/uploads\/2019\/04\/logo-disaeng-fundo.png","contentUrl":"https:\/\/disaeng.com\/wp-content\/uploads\/2019\/04\/logo-disaeng-fundo.png","width":181,"height":80,"caption":"Disa Engenharia"},"image":{"@id":"https:\/\/disaeng.com\/#\/schema\/logo\/image\/"}}]}},"_links":{"self":[{"href":"https:\/\/disaeng.com\/index.php?rest_route=\/wp\/v2\/pages\/306","targetHints":{"allow":["GET"]}}],"collection":[{"href":"https:\/\/disaeng.com\/index.php?rest_route=\/wp\/v2\/pages"}],"about":[{"href":"https:\/\/disaeng.com\/index.php?rest_route=\/wp\/v2\/types\/page"}],"author":[{"embeddable":true,"href":"https:\/\/disaeng.com\/index.php?rest_route=\/wp\/v2\/users\/2"}],"replies":[{"embeddable":true,"href":"https:\/\/disaeng.com\/index.php?rest_route=%2Fwp%2Fv2%2Fcomments&post=306"}],"version-history":[{"count":5,"href":"https:\/\/disaeng.com\/index.php?rest_route=\/wp\/v2\/pages\/306\/revisions"}],"predecessor-version":[{"id":369,"href":"https:\/\/disaeng.com\/index.php?rest_route=\/wp\/v2\/pages\/306\/revisions\/369"}],"wp:attachment":[{"href":"https:\/\/disaeng.com\/index.php?rest_route=%2Fwp%2Fv2%2Fmedia&parent=306"}],"curies":[{"name":"wp","href":"https:\/\/api.w.org\/{rel}","templated":true}]}}