{"id":309,"date":"2019-06-24T18:50:54","date_gmt":"2019-06-24T21:50:54","guid":{"rendered":"https:\/\/disaeng.com\/?page_id=309"},"modified":"2019-07-02T19:08:29","modified_gmt":"2019-07-02T22:08:29","slug":"restauro-retrofit","status":"publish","type":"page","link":"https:\/\/disaeng.com\/?page_id=309","title":{"rendered":"RESTAURO\/RETROFIT"},"content":{"rendered":"<p>A manuten\u00e7\u00e3o e preserva\u00e7\u00e3o de nossos patrim\u00f4nios hist\u00f3ricos \u00e9 uma causa que a DISA defende. Fazemos parte da ASSEER, Associa\u00e7\u00e3o das Empresas de Restauro. A equipe t\u00e9cnica e operacional da DISA conta com profissionais altamente experientes e capacitados para execu\u00e7\u00e3o de obras de restauro de Edif\u00edcios e Monumentos Hist\u00f3rico. Conhecemos os diversos tipos de tombamentos e os \u00f3rg\u00e3os que atuam nesta \u00e1rea.<\/p>\n<h5>PRINCIPAIS SERVI\u00c7OS EXECUTADOS:<\/h5>\n<p>\u2022 Restauro de fachadas, forros, pisos, esquadrias, ornamentos, retrofit de instala\u00e7\u00f5es, entre outros.<\/p>\n","protected":false},"excerpt":{"rendered":"<p>A manuten\u00e7\u00e3o e preserva\u00e7\u00e3o de nossos patrim\u00f4nios hist\u00f3ricos \u00e9 uma causa que a DISA defende. Fazemos parte da ASSEER, Associa\u00e7\u00e3o [&hellip;]<\/p>\n","protected":false},"author":2,"featured_media":0,"parent":0,"menu_order":0,"comment_status":"closed","ping_status":"closed","template":"","meta":{"footnotes":""},"class_list":["post-309","page","type-page","status-publish","hentry"],"yoast_head":"<!-- This site is optimized with the Yoast SEO plugin v27.5 - https:\/\/yoast.com\/product\/yoast-seo-wordpress\/ -->\n<title>RESTAURO\/RETROFIT | Disa Engenharia<\/title>\n<meta name=\"robots\" content=\"index, follow, max-snippet:-1, max-image-preview:large, max-video-preview:-1\" \/>\n<link rel=\"canonical\" href=\"https:\/\/disaeng.com\/?page_id=309\" \/>\n<meta property=\"og:locale\" content=\"pt_BR\" \/>\n<meta property=\"og:type\" content=\"article\" \/>\n<meta property=\"og:title\" content=\"RESTAURO\/RETROFIT | Disa Engenharia\" \/>\n<meta property=\"og:description\" content=\"A manuten\u00e7\u00e3o e preserva\u00e7\u00e3o de nossos patrim\u00f4nios hist\u00f3ricos \u00e9 uma causa que a DISA defende. Fazemos parte da ASSEER, Associa\u00e7\u00e3o [&hellip;]\" \/>\n<meta property=\"og:url\" content=\"https:\/\/disaeng.com\/?page_id=309\" \/>\n<meta property=\"og:site_name\" content=\"Disa Engenharia\" \/>\n<meta property=\"article:modified_time\" content=\"2019-07-02T22:08:29+00:00\" \/>\n<meta name=\"twitter:card\" content=\"summary_large_image\" \/>\n<script type=\"application\/ld+json\" class=\"yoast-schema-graph\">{\"@context\":\"https:\\\/\\\/schema.org\",\"@graph\":[{\"@type\":\"WebPage\",\"@id\":\"https:\\\/\\\/disaeng.com\\\/?page_id=309\",\"url\":\"https:\\\/\\\/disaeng.com\\\/?page_id=309\",\"name\":\"RESTAURO\\\/RETROFIT | Disa Engenharia\",\"isPartOf\":{\"@id\":\"https:\\\/\\\/disaeng.com\\\/#website\"},\"datePublished\":\"2019-06-24T21:50:54+00:00\",\"dateModified\":\"2019-07-02T22:08:29+00:00\",\"breadcrumb\":{\"@id\":\"https:\\\/\\\/disaeng.com\\\/?page_id=309#breadcrumb\"},\"inLanguage\":\"pt-BR\",\"potentialAction\":[{\"@type\":\"ReadAction\",\"target\":[\"https:\\\/\\\/disaeng.com\\\/?page_id=309\"]}]},{\"@type\":\"BreadcrumbList\",\"@id\":\"https:\\\/\\\/disaeng.com\\\/?page_id=309#breadcrumb\",\"itemListElement\":[{\"@type\":\"ListItem\",\"position\":1,\"name\":\"In\u00edcio\",\"item\":\"https:\\\/\\\/disaeng.com\\\/\"},{\"@type\":\"ListItem\",\"position\":2,\"name\":\"RESTAURO\\\/RETROFIT\"}]},{\"@type\":\"WebSite\",\"@id\":\"https:\\\/\\\/disaeng.com\\\/#website\",\"url\":\"https:\\\/\\\/disaeng.com\\\/\",\"name\":\"Disa Engenharia\",\"description\":\"Engenharia Consultoria\",\"publisher\":{\"@id\":\"https:\\\/\\\/disaeng.com\\\/#organization\"},\"potentialAction\":[{\"@type\":\"SearchAction\",\"target\":{\"@type\":\"EntryPoint\",\"urlTemplate\":\"https:\\\/\\\/disaeng.com\\\/?s={search_term_string}\"},\"query-input\":{\"@type\":\"PropertyValueSpecification\",\"valueRequired\":true,\"valueName\":\"search_term_string\"}}],\"inLanguage\":\"pt-BR\"},{\"@type\":\"Organization\",\"@id\":\"https:\\\/\\\/disaeng.com\\\/#organization\",\"name\":\"Disa Engenharia\",\"url\":\"https:\\\/\\\/disaeng.com\\\/\",\"logo\":{\"@type\":\"ImageObject\",\"inLanguage\":\"pt-BR\",\"@id\":\"https:\\\/\\\/disaeng.com\\\/#\\\/schema\\\/logo\\\/image\\\/\",\"url\":\"https:\\\/\\\/disaeng.com\\\/wp-content\\\/uploads\\\/2019\\\/04\\\/logo-disaeng-fundo.png\",\"contentUrl\":\"https:\\\/\\\/disaeng.com\\\/wp-content\\\/uploads\\\/2019\\\/04\\\/logo-disaeng-fundo.png\",\"width\":181,\"height\":80,\"caption\":\"Disa Engenharia\"},\"image\":{\"@id\":\"https:\\\/\\\/disaeng.com\\\/#\\\/schema\\\/logo\\\/image\\\/\"}}]}<\/script>\n<!-- \/ Yoast SEO plugin. -->","yoast_head_json":{"title":"RESTAURO\/RETROFIT | Disa Engenharia","robots":{"index":"index","follow":"follow","max-snippet":"max-snippet:-1","max-image-preview":"max-image-preview:large","max-video-preview":"max-video-preview:-1"},"canonical":"https:\/\/disaeng.com\/?page_id=309","og_locale":"pt_BR","og_type":"article","og_title":"RESTAURO\/RETROFIT | Disa Engenharia","og_description":"A manuten\u00e7\u00e3o e preserva\u00e7\u00e3o de nossos patrim\u00f4nios hist\u00f3ricos \u00e9 uma causa que a DISA defende. Fazemos parte da ASSEER, Associa\u00e7\u00e3o [&hellip;]","og_url":"https:\/\/disaeng.com\/?page_id=309","og_site_name":"Disa Engenharia","article_modified_time":"2019-07-02T22:08:29+00:00","twitter_card":"summary_large_image","schema":{"@context":"https:\/\/schema.org","@graph":[{"@type":"WebPage","@id":"https:\/\/disaeng.com\/?page_id=309","url":"https:\/\/disaeng.com\/?page_id=309","name":"RESTAURO\/RETROFIT | Disa Engenharia","isPartOf":{"@id":"https:\/\/disaeng.com\/#website"},"datePublished":"2019-06-24T21:50:54+00:00","dateModified":"2019-07-02T22:08:29+00:00","breadcrumb":{"@id":"https:\/\/disaeng.com\/?page_id=309#breadcrumb"},"inLanguage":"pt-BR","potentialAction":[{"@type":"ReadAction","target":["https:\/\/disaeng.com\/?page_id=309"]}]},{"@type":"BreadcrumbList","@id":"https:\/\/disaeng.com\/?page_id=309#breadcrumb","itemListElement":[{"@type":"ListItem","position":1,"name":"In\u00edcio","item":"https:\/\/disaeng.com\/"},{"@type":"ListItem","position":2,"name":"RESTAURO\/RETROFIT"}]},{"@type":"WebSite","@id":"https:\/\/disaeng.com\/#website","url":"https:\/\/disaeng.com\/","name":"Disa Engenharia","description":"Engenharia Consultoria","publisher":{"@id":"https:\/\/disaeng.com\/#organization"},"potentialAction":[{"@type":"SearchAction","target":{"@type":"EntryPoint","urlTemplate":"https:\/\/disaeng.com\/?s={search_term_string}"},"query-input":{"@type":"PropertyValueSpecification","valueRequired":true,"valueName":"search_term_string"}}],"inLanguage":"pt-BR"},{"@type":"Organization","@id":"https:\/\/disaeng.com\/#organization","name":"Disa Engenharia","url":"https:\/\/disaeng.com\/","logo":{"@type":"ImageObject","inLanguage":"pt-BR","@id":"https:\/\/disaeng.com\/#\/schema\/logo\/image\/","url":"https:\/\/disaeng.com\/wp-content\/uploads\/2019\/04\/logo-disaeng-fundo.png","contentUrl":"https:\/\/disaeng.com\/wp-content\/uploads\/2019\/04\/logo-disaeng-fundo.png","width":181,"height":80,"caption":"Disa Engenharia"},"image":{"@id":"https:\/\/disaeng.com\/#\/schema\/logo\/image\/"}}]}},"_links":{"self":[{"href":"https:\/\/disaeng.com\/index.php?rest_route=\/wp\/v2\/pages\/309","targetHints":{"allow":["GET"]}}],"collection":[{"href":"https:\/\/disaeng.com\/index.php?rest_route=\/wp\/v2\/pages"}],"about":[{"href":"https:\/\/disaeng.com\/index.php?rest_route=\/wp\/v2\/types\/page"}],"author":[{"embeddable":true,"href":"https:\/\/disaeng.com\/index.php?rest_route=\/wp\/v2\/users\/2"}],"replies":[{"embeddable":true,"href":"https:\/\/disaeng.com\/index.php?rest_route=%2Fwp%2Fv2%2Fcomments&post=309"}],"version-history":[{"count":4,"href":"https:\/\/disaeng.com\/index.php?rest_route=\/wp\/v2\/pages\/309\/revisions"}],"predecessor-version":[{"id":372,"href":"https:\/\/disaeng.com\/index.php?rest_route=\/wp\/v2\/pages\/309\/revisions\/372"}],"wp:attachment":[{"href":"https:\/\/disaeng.com\/index.php?rest_route=%2Fwp%2Fv2%2Fmedia&parent=309"}],"curies":[{"name":"wp","href":"https:\/\/api.w.org\/{rel}","templated":true}]}}