{"id":349,"date":"2019-06-25T00:33:02","date_gmt":"2019-06-25T03:33:02","guid":{"rendered":"https:\/\/disaeng.com\/?page_id=349"},"modified":"2019-07-02T19:12:24","modified_gmt":"2019-07-02T22:12:24","slug":"gerenciamento-fiscalizacao-e-acompanhamento-de-obras","status":"publish","type":"page","link":"https:\/\/disaeng.com\/?page_id=349","title":{"rendered":"GERENCIAMENTO, FISCALIZA\u00c7\u00c3O E ACOMPANHAMENTO DE OBRAS"},"content":{"rendered":"\t\t<div data-elementor-type=\"wp-post\" data-elementor-id=\"349\" class=\"elementor elementor-349\">\n\t\t\t\t\t\t<section class=\"elementor-section elementor-top-section elementor-element elementor-element-0c4575c elementor-section-boxed elementor-section-height-default elementor-section-height-default\" data-id=\"0c4575c\" data-element_type=\"section\" data-e-type=\"section\">\n\t\t\t\t\t\t<div class=\"elementor-container elementor-column-gap-default\">\n\t\t\t\t\t<div class=\"elementor-column elementor-col-100 elementor-top-column elementor-element elementor-element-b55fee3\" data-id=\"b55fee3\" data-element_type=\"column\" data-e-type=\"column\">\n\t\t\t<div class=\"elementor-widget-wrap elementor-element-populated\">\n\t\t\t\t\t\t<div class=\"elementor-element elementor-element-197ab54 elementor-widget elementor-widget-text-editor\" data-id=\"197ab54\" data-element_type=\"widget\" data-e-type=\"widget\" data-widget_type=\"text-editor.default\">\n\t\t\t\t<div class=\"elementor-widget-container\">\n\t\t\t\t\t\t\t\t\t<p>A DISA trabalha na gest\u00e3o e acompanhamento de obras elaborando relat\u00f3rios semanais relatando \u00e0 produtividade, problemas ocorridos com causas raiz e propondo solu\u00e7\u00f5es, al\u00e9m de antever poss\u00edveis interfer\u00eancias.<\/p>\t\t\t\t\t\t\t\t<\/div>\n\t\t\t\t<\/div>\n\t\t\t\t\t<\/div>\n\t\t<\/div>\n\t\t\t\t\t<\/div>\n\t\t<\/section>\n\t\t\t\t<section class=\"elementor-section elementor-top-section elementor-element elementor-element-7091cb1 elementor-section-boxed elementor-section-height-default elementor-section-height-default\" data-id=\"7091cb1\" data-element_type=\"section\" data-e-type=\"section\">\n\t\t\t\t\t\t<div class=\"elementor-container elementor-column-gap-default\">\n\t\t\t\t\t<div class=\"elementor-column elementor-col-100 elementor-top-column elementor-element elementor-element-2f6b55c\" data-id=\"2f6b55c\" data-element_type=\"column\" data-e-type=\"column\">\n\t\t\t<div class=\"elementor-widget-wrap elementor-element-populated\">\n\t\t\t\t\t\t<div class=\"elementor-element elementor-element-93fba19 elementor-widget elementor-widget-text-editor\" data-id=\"93fba19\" data-element_type=\"widget\" data-e-type=\"widget\" data-widget_type=\"text-editor.default\">\n\t\t\t\t<div class=\"elementor-widget-container\">\n\t\t\t\t\t\t\t\t\t<h5>PRINCIPAIS SERVI\u00c7OS EXECUTADOS:<\/h5>\t\t\t\t\t\t\t\t<\/div>\n\t\t\t\t<\/div>\n\t\t\t\t\t<\/div>\n\t\t<\/div>\n\t\t\t\t\t<\/div>\n\t\t<\/section>\n\t\t\t\t<section class=\"elementor-section elementor-top-section elementor-element elementor-element-fc313de elementor-section-boxed elementor-section-height-default elementor-section-height-default\" data-id=\"fc313de\" data-element_type=\"section\" data-e-type=\"section\">\n\t\t\t\t\t\t<div class=\"elementor-container elementor-column-gap-default\">\n\t\t\t\t\t<div class=\"elementor-column elementor-col-33 elementor-top-column elementor-element elementor-element-2ec5479\" data-id=\"2ec5479\" data-element_type=\"column\" data-e-type=\"column\">\n\t\t\t<div class=\"elementor-widget-wrap elementor-element-populated\">\n\t\t\t\t\t\t<div class=\"elementor-element elementor-element-c025c2b elementor-widget elementor-widget-text-editor\" data-id=\"c025c2b\" data-element_type=\"widget\" data-e-type=\"widget\" data-widget_type=\"text-editor.default\">\n\t\t\t\t<div class=\"elementor-widget-container\">\n\t\t\t\t\t\t\t\t\t<p>\u2022 Acompanhamento de Cronogramas;<br \/>\u2022 Acompanhamento de frentes de servi\u00e7os;<br \/>\u2022 Aferi\u00e7\u00e3o de produtividade;<br \/>\u2022 Identifica\u00e7\u00e3o e solu\u00e7\u00f5es de desvios:<br \/>\u2022 Emiss\u00e3o de relat\u00f3rios;<\/p>\t\t\t\t\t\t\t\t<\/div>\n\t\t\t\t<\/div>\n\t\t\t\t\t<\/div>\n\t\t<\/div>\n\t\t\t\t<div class=\"elementor-column elementor-col-33 elementor-top-column elementor-element elementor-element-6f7cb9a\" data-id=\"6f7cb9a\" data-element_type=\"column\" data-e-type=\"column\">\n\t\t\t<div class=\"elementor-widget-wrap elementor-element-populated\">\n\t\t\t\t\t\t<div class=\"elementor-element elementor-element-722cf29 elementor-widget elementor-widget-text-editor\" data-id=\"722cf29\" data-element_type=\"widget\" data-e-type=\"widget\" data-widget_type=\"text-editor.default\">\n\t\t\t\t<div class=\"elementor-widget-container\">\n\t\t\t\t\t\t\t\t\t<p>\u2022 Gest\u00e3o \u00e0 vista;<br \/>\u2022 Treinamentos;<br \/>\u2022 Medi\u00e7\u00f5es de servi\u00e7os de<br \/>cliente final e terceiros;<\/p>\t\t\t\t\t\t\t\t<\/div>\n\t\t\t\t<\/div>\n\t\t\t\t\t<\/div>\n\t\t<\/div>\n\t\t\t\t<div class=\"elementor-column elementor-col-33 elementor-top-column elementor-element elementor-element-60086a4\" data-id=\"60086a4\" data-element_type=\"column\" data-e-type=\"column\">\n\t\t\t<div class=\"elementor-widget-wrap elementor-element-populated\">\n\t\t\t\t\t\t<div class=\"elementor-element elementor-element-e84630b elementor-widget elementor-widget-text-editor\" data-id=\"e84630b\" data-element_type=\"widget\" data-e-type=\"widget\" data-widget_type=\"text-editor.default\">\n\t\t\t\t<div class=\"elementor-widget-container\">\n\t\t\t\t\t\t\t\t\t<p>\u2022 Balanceamento nas equipes<br \/>de m\u00e3o de obra e nos equipamentos.<\/p>\t\t\t\t\t\t\t\t<\/div>\n\t\t\t\t<\/div>\n\t\t\t\t\t<\/div>\n\t\t<\/div>\n\t\t\t\t\t<\/div>\n\t\t<\/section>\n\t\t\t\t<\/div>\n\t\t","protected":false},"excerpt":{"rendered":"<p>A DISA trabalha na gest\u00e3o e acompanhamento de obras elaborando relat\u00f3rios semanais relatando \u00e0 produtividade, problemas ocorridos com causas raiz [&hellip;]<\/p>\n","protected":false},"author":2,"featured_media":0,"parent":0,"menu_order":0,"comment_status":"closed","ping_status":"closed","template":"","meta":{"footnotes":""},"class_list":["post-349","page","type-page","status-publish","hentry"],"yoast_head":"<!-- This site is optimized with the Yoast SEO plugin v27.5 - https:\/\/yoast.com\/product\/yoast-seo-wordpress\/ -->\n<title>GERENCIAMENTO, FISCALIZA\u00c7\u00c3O E ACOMPANHAMENTO DE OBRAS | Disa Engenharia<\/title>\n<meta name=\"robots\" content=\"index, follow, max-snippet:-1, max-image-preview:large, max-video-preview:-1\" \/>\n<link rel=\"canonical\" href=\"https:\/\/disaeng.com\/?page_id=349\" \/>\n<meta property=\"og:locale\" content=\"pt_BR\" \/>\n<meta property=\"og:type\" content=\"article\" \/>\n<meta property=\"og:title\" content=\"GERENCIAMENTO, FISCALIZA\u00c7\u00c3O E ACOMPANHAMENTO DE OBRAS | Disa Engenharia\" \/>\n<meta property=\"og:description\" content=\"A DISA trabalha na gest\u00e3o e acompanhamento de obras elaborando relat\u00f3rios semanais relatando \u00e0 produtividade, problemas ocorridos com causas raiz [&hellip;]\" \/>\n<meta property=\"og:url\" content=\"https:\/\/disaeng.com\/?page_id=349\" \/>\n<meta property=\"og:site_name\" content=\"Disa Engenharia\" \/>\n<meta property=\"article:modified_time\" content=\"2019-07-02T22:12:24+00:00\" \/>\n<meta name=\"twitter:card\" content=\"summary_large_image\" \/>\n<script type=\"application\/ld+json\" class=\"yoast-schema-graph\">{\"@context\":\"https:\\\/\\\/schema.org\",\"@graph\":[{\"@type\":\"WebPage\",\"@id\":\"https:\\\/\\\/disaeng.com\\\/?page_id=349\",\"url\":\"https:\\\/\\\/disaeng.com\\\/?page_id=349\",\"name\":\"GERENCIAMENTO, FISCALIZA\u00c7\u00c3O E ACOMPANHAMENTO DE OBRAS | Disa Engenharia\",\"isPartOf\":{\"@id\":\"https:\\\/\\\/disaeng.com\\\/#website\"},\"datePublished\":\"2019-06-25T03:33:02+00:00\",\"dateModified\":\"2019-07-02T22:12:24+00:00\",\"breadcrumb\":{\"@id\":\"https:\\\/\\\/disaeng.com\\\/?page_id=349#breadcrumb\"},\"inLanguage\":\"pt-BR\",\"potentialAction\":[{\"@type\":\"ReadAction\",\"target\":[\"https:\\\/\\\/disaeng.com\\\/?page_id=349\"]}]},{\"@type\":\"BreadcrumbList\",\"@id\":\"https:\\\/\\\/disaeng.com\\\/?page_id=349#breadcrumb\",\"itemListElement\":[{\"@type\":\"ListItem\",\"position\":1,\"name\":\"In\u00edcio\",\"item\":\"https:\\\/\\\/disaeng.com\\\/\"},{\"@type\":\"ListItem\",\"position\":2,\"name\":\"GERENCIAMENTO, FISCALIZA\u00c7\u00c3O E ACOMPANHAMENTO DE OBRAS\"}]},{\"@type\":\"WebSite\",\"@id\":\"https:\\\/\\\/disaeng.com\\\/#website\",\"url\":\"https:\\\/\\\/disaeng.com\\\/\",\"name\":\"Disa Engenharia\",\"description\":\"Engenharia Consultoria\",\"publisher\":{\"@id\":\"https:\\\/\\\/disaeng.com\\\/#organization\"},\"potentialAction\":[{\"@type\":\"SearchAction\",\"target\":{\"@type\":\"EntryPoint\",\"urlTemplate\":\"https:\\\/\\\/disaeng.com\\\/?s={search_term_string}\"},\"query-input\":{\"@type\":\"PropertyValueSpecification\",\"valueRequired\":true,\"valueName\":\"search_term_string\"}}],\"inLanguage\":\"pt-BR\"},{\"@type\":\"Organization\",\"@id\":\"https:\\\/\\\/disaeng.com\\\/#organization\",\"name\":\"Disa Engenharia\",\"url\":\"https:\\\/\\\/disaeng.com\\\/\",\"logo\":{\"@type\":\"ImageObject\",\"inLanguage\":\"pt-BR\",\"@id\":\"https:\\\/\\\/disaeng.com\\\/#\\\/schema\\\/logo\\\/image\\\/\",\"url\":\"https:\\\/\\\/disaeng.com\\\/wp-content\\\/uploads\\\/2019\\\/04\\\/logo-disaeng-fundo.png\",\"contentUrl\":\"https:\\\/\\\/disaeng.com\\\/wp-content\\\/uploads\\\/2019\\\/04\\\/logo-disaeng-fundo.png\",\"width\":181,\"height\":80,\"caption\":\"Disa Engenharia\"},\"image\":{\"@id\":\"https:\\\/\\\/disaeng.com\\\/#\\\/schema\\\/logo\\\/image\\\/\"}}]}<\/script>\n<!-- \/ Yoast SEO plugin. -->","yoast_head_json":{"title":"GERENCIAMENTO, FISCALIZA\u00c7\u00c3O E ACOMPANHAMENTO DE OBRAS | Disa Engenharia","robots":{"index":"index","follow":"follow","max-snippet":"max-snippet:-1","max-image-preview":"max-image-preview:large","max-video-preview":"max-video-preview:-1"},"canonical":"https:\/\/disaeng.com\/?page_id=349","og_locale":"pt_BR","og_type":"article","og_title":"GERENCIAMENTO, FISCALIZA\u00c7\u00c3O E ACOMPANHAMENTO DE OBRAS | Disa Engenharia","og_description":"A DISA trabalha na gest\u00e3o e acompanhamento de obras elaborando relat\u00f3rios semanais relatando \u00e0 produtividade, problemas ocorridos com causas raiz [&hellip;]","og_url":"https:\/\/disaeng.com\/?page_id=349","og_site_name":"Disa Engenharia","article_modified_time":"2019-07-02T22:12:24+00:00","twitter_card":"summary_large_image","schema":{"@context":"https:\/\/schema.org","@graph":[{"@type":"WebPage","@id":"https:\/\/disaeng.com\/?page_id=349","url":"https:\/\/disaeng.com\/?page_id=349","name":"GERENCIAMENTO, FISCALIZA\u00c7\u00c3O E ACOMPANHAMENTO DE OBRAS | Disa Engenharia","isPartOf":{"@id":"https:\/\/disaeng.com\/#website"},"datePublished":"2019-06-25T03:33:02+00:00","dateModified":"2019-07-02T22:12:24+00:00","breadcrumb":{"@id":"https:\/\/disaeng.com\/?page_id=349#breadcrumb"},"inLanguage":"pt-BR","potentialAction":[{"@type":"ReadAction","target":["https:\/\/disaeng.com\/?page_id=349"]}]},{"@type":"BreadcrumbList","@id":"https:\/\/disaeng.com\/?page_id=349#breadcrumb","itemListElement":[{"@type":"ListItem","position":1,"name":"In\u00edcio","item":"https:\/\/disaeng.com\/"},{"@type":"ListItem","position":2,"name":"GERENCIAMENTO, FISCALIZA\u00c7\u00c3O E ACOMPANHAMENTO DE OBRAS"}]},{"@type":"WebSite","@id":"https:\/\/disaeng.com\/#website","url":"https:\/\/disaeng.com\/","name":"Disa Engenharia","description":"Engenharia Consultoria","publisher":{"@id":"https:\/\/disaeng.com\/#organization"},"potentialAction":[{"@type":"SearchAction","target":{"@type":"EntryPoint","urlTemplate":"https:\/\/disaeng.com\/?s={search_term_string}"},"query-input":{"@type":"PropertyValueSpecification","valueRequired":true,"valueName":"search_term_string"}}],"inLanguage":"pt-BR"},{"@type":"Organization","@id":"https:\/\/disaeng.com\/#organization","name":"Disa Engenharia","url":"https:\/\/disaeng.com\/","logo":{"@type":"ImageObject","inLanguage":"pt-BR","@id":"https:\/\/disaeng.com\/#\/schema\/logo\/image\/","url":"https:\/\/disaeng.com\/wp-content\/uploads\/2019\/04\/logo-disaeng-fundo.png","contentUrl":"https:\/\/disaeng.com\/wp-content\/uploads\/2019\/04\/logo-disaeng-fundo.png","width":181,"height":80,"caption":"Disa Engenharia"},"image":{"@id":"https:\/\/disaeng.com\/#\/schema\/logo\/image\/"}}]}},"_links":{"self":[{"href":"https:\/\/disaeng.com\/index.php?rest_route=\/wp\/v2\/pages\/349","targetHints":{"allow":["GET"]}}],"collection":[{"href":"https:\/\/disaeng.com\/index.php?rest_route=\/wp\/v2\/pages"}],"about":[{"href":"https:\/\/disaeng.com\/index.php?rest_route=\/wp\/v2\/types\/page"}],"author":[{"embeddable":true,"href":"https:\/\/disaeng.com\/index.php?rest_route=\/wp\/v2\/users\/2"}],"replies":[{"embeddable":true,"href":"https:\/\/disaeng.com\/index.php?rest_route=%2Fwp%2Fv2%2Fcomments&post=349"}],"version-history":[{"count":4,"href":"https:\/\/disaeng.com\/index.php?rest_route=\/wp\/v2\/pages\/349\/revisions"}],"predecessor-version":[{"id":545,"href":"https:\/\/disaeng.com\/index.php?rest_route=\/wp\/v2\/pages\/349\/revisions\/545"}],"wp:attachment":[{"href":"https:\/\/disaeng.com\/index.php?rest_route=%2Fwp%2Fv2%2Fmedia&parent=349"}],"curies":[{"name":"wp","href":"https:\/\/api.w.org\/{rel}","templated":true}]}}