{"id":565,"date":"2020-12-13T10:41:15","date_gmt":"2020-12-13T13:41:15","guid":{"rendered":"https:\/\/disaeng.com\/?page_id=565"},"modified":"2021-01-30T19:24:58","modified_gmt":"2021-01-30T22:24:58","slug":"gerenciamento-e-fiscalizacao-de-obras-em-condominio","status":"publish","type":"page","link":"https:\/\/disaeng.com\/?page_id=565","title":{"rendered":"Gerenciamento e Fiscaliza\u00e7\u00e3o de Obras em Condom\u00ednio"},"content":{"rendered":"\n<figure class=\"wp-block-image size-large\"><img fetchpriority=\"high\" decoding=\"async\" width=\"588\" height=\"454\" src=\"https:\/\/disaeng.com\/wp-content\/uploads\/2021\/01\/image007.jpg\" alt=\"\" class=\"wp-image-619\" srcset=\"https:\/\/disaeng.com\/wp-content\/uploads\/2021\/01\/image007.jpg 588w, https:\/\/disaeng.com\/wp-content\/uploads\/2021\/01\/image007-300x232.jpg 300w\" sizes=\"(max-width: 588px) 100vw, 588px\" \/><\/figure>\n\n\n\n<p>O gerenciamento de projetos\u00a0em condom\u00ednio \u00e9 um elemento que cada vez mais faz parte do cotidiano de qualquer condom\u00ednio. Um bom\u00a0planejamento\u00a0e a boa gest\u00e3o s\u00e3o respons\u00e1veis por facilitar e organizar a realiza\u00e7\u00e3o de atividades seja elas em condom\u00ednio residencial ou comercial.<\/p>\n\n\n<div style=\"margin: 30px 0 30px;\"><a target=\"_blank\" href=\"https:\/\/api.whatsapp.com\/send?phone=\" class=\"wa__button wa__r_button wa__stt_online wa__btn_w_icon\" style=\"background-color: #2DB742; color: #fff\"><div class=\"wa__btn_icon\"><img decoding=\"async\" src=\"https:\/\/disaeng.com\/wp-content\/plugins\/wp-whatsapp\/assets\/img\/whatsapp_logo.svg\" alt=\"img\"\/><\/div><div class=\"wa__btn_txt\"><div class=\"wa__cs_info\"><div class=\"wa__cs_name\" style=\"color: #fff\">Chame no Whatsapp<\/div><div class=\"wa__cs_status\">Online<\/div><\/div><div class=\"wa__btn_title\">Tire suas d\u00favidas<\/div><\/div><\/a><\/div>\n\n\n<p>A <strong>gest\u00e3o de obras em condom\u00ednio<\/strong> \u00e9 fundamental para organizar pessoas, recursos e processos para se atingir um objetivo com in\u00edcio e fim definidos. Al\u00e9m disso, o <strong>gerenciamento das obras<\/strong> correto permite coordenar e fiscalizar os membros da equipe, conhecer melhor os\u00a0indicadores de desempenho\u00a0e inclusive, trazer melhorias para o segmento de recursos humanos. Posto isso, quando se fala em <strong>gerenciamento de projetos em condom\u00ednio<\/strong> \u00e9 necess\u00e1rio contratar empresas que tenham gestores com expertise nesta \u00e1rea, para estar a par de alguns fundamentos b\u00e1sicos, tais como o ciclo de vida de cada projeto, gerenciamento do escopo e metodologias a serem utilizadas.<\/p>\n\n\n\n<figure class=\"wp-block-image size-large\"><img decoding=\"async\" src=\"https:\/\/fonsi.com.br\/wp-content\/uploads\/2020\/05\/obras-durante-a-pandemia.jpg\" alt=\"\"\/><\/figure>\n\n\n\n<p>Saiba mais:<\/p>\n\n\n\n<p><a href=\"https:\/\/disaeng.com\/obra-em-condominio-sem-gerenciamento-saiba-os-problemas\/\">Quais os problemas que voc\u00ea pode ter ao n\u00e3o contratar uma consultoria que ir\u00e1 fiscalizar a obra no seu condom\u00ednio?<\/a><\/p>\n\n\n\n<p><a href=\"https:\/\/disaeng.com\/vantagens-de-uma-obra-gerenciada-em-condominio\/\">Quais as vantagens de uma obra gerenciada pela Disa pode proporcionar em seu condom\u00ednio?<\/a><\/p>\n\n\n\n<p><a href=\"https:\/\/disaeng.com\/responsabilidades-do-sindico-em-uma-obra-de-condominio\/\">Quais s\u00e3o as responsabilidades do s\u00edndico em uma obra de condom\u00ednio?<\/a><\/p>\n","protected":false},"excerpt":{"rendered":"<p>O gerenciamento de projetos\u00a0em condom\u00ednio \u00e9 um elemento que cada vez mais faz parte do cotidiano de qualquer condom\u00ednio. Um [&hellip;]<\/p>\n","protected":false},"author":2,"featured_media":0,"parent":0,"menu_order":0,"comment_status":"closed","ping_status":"closed","template":"","meta":{"footnotes":""},"class_list":["post-565","page","type-page","status-publish","hentry"],"yoast_head":"<!-- This site is optimized with the Yoast SEO plugin v27.5 - https:\/\/yoast.com\/product\/yoast-seo-wordpress\/ -->\n<title>Gerenciamento e Fiscaliza\u00e7\u00e3o de Obras em Condom\u00ednio | Disa<\/title>\n<meta name=\"robots\" content=\"index, follow, max-snippet:-1, max-image-preview:large, max-video-preview:-1\" \/>\n<link rel=\"canonical\" href=\"https:\/\/disaeng.com\/?page_id=565\" \/>\n<meta property=\"og:locale\" content=\"pt_BR\" \/>\n<meta property=\"og:type\" content=\"article\" \/>\n<meta property=\"og:title\" content=\"Gerenciamento e Fiscaliza\u00e7\u00e3o de Obras em Condom\u00ednio | Disa\" \/>\n<meta property=\"og:description\" content=\"O gerenciamento de projetos\u00a0em condom\u00ednio \u00e9 um elemento que cada vez mais faz parte do cotidiano de qualquer condom\u00ednio. Um [&hellip;]\" \/>\n<meta property=\"og:url\" content=\"https:\/\/disaeng.com\/?page_id=565\" \/>\n<meta property=\"og:site_name\" content=\"Disa Engenharia\" \/>\n<meta property=\"article:modified_time\" content=\"2021-01-30T22:24:58+00:00\" \/>\n<meta property=\"og:image\" content=\"https:\/\/disaeng.com\/wp-content\/uploads\/2021\/01\/image007.jpg\" \/>\n<meta name=\"twitter:card\" content=\"summary_large_image\" \/>\n<meta name=\"twitter:label1\" content=\"Est. tempo de leitura\" \/>\n\t<meta name=\"twitter:data1\" content=\"2 minutos\" \/>\n<script type=\"application\/ld+json\" class=\"yoast-schema-graph\">{\"@context\":\"https:\\\/\\\/schema.org\",\"@graph\":[{\"@type\":\"WebPage\",\"@id\":\"https:\\\/\\\/disaeng.com\\\/?page_id=565\",\"url\":\"https:\\\/\\\/disaeng.com\\\/?page_id=565\",\"name\":\"Gerenciamento e Fiscaliza\u00e7\u00e3o de Obras em Condom\u00ednio | Disa\",\"isPartOf\":{\"@id\":\"https:\\\/\\\/disaeng.com\\\/#website\"},\"primaryImageOfPage\":{\"@id\":\"https:\\\/\\\/disaeng.com\\\/?page_id=565#primaryimage\"},\"image\":{\"@id\":\"https:\\\/\\\/disaeng.com\\\/?page_id=565#primaryimage\"},\"thumbnailUrl\":\"https:\\\/\\\/disaeng.com\\\/wp-content\\\/uploads\\\/2021\\\/01\\\/image007.jpg\",\"datePublished\":\"2020-12-13T13:41:15+00:00\",\"dateModified\":\"2021-01-30T22:24:58+00:00\",\"breadcrumb\":{\"@id\":\"https:\\\/\\\/disaeng.com\\\/?page_id=565#breadcrumb\"},\"inLanguage\":\"pt-BR\",\"potentialAction\":[{\"@type\":\"ReadAction\",\"target\":[\"https:\\\/\\\/disaeng.com\\\/?page_id=565\"]}]},{\"@type\":\"ImageObject\",\"inLanguage\":\"pt-BR\",\"@id\":\"https:\\\/\\\/disaeng.com\\\/?page_id=565#primaryimage\",\"url\":\"https:\\\/\\\/disaeng.com\\\/wp-content\\\/uploads\\\/2021\\\/01\\\/image007.jpg\",\"contentUrl\":\"https:\\\/\\\/disaeng.com\\\/wp-content\\\/uploads\\\/2021\\\/01\\\/image007.jpg\",\"width\":588,\"height\":454},{\"@type\":\"BreadcrumbList\",\"@id\":\"https:\\\/\\\/disaeng.com\\\/?page_id=565#breadcrumb\",\"itemListElement\":[{\"@type\":\"ListItem\",\"position\":1,\"name\":\"In\u00edcio\",\"item\":\"https:\\\/\\\/disaeng.com\\\/\"},{\"@type\":\"ListItem\",\"position\":2,\"name\":\"Gerenciamento e Fiscaliza\u00e7\u00e3o de Obras em Condom\u00ednio\"}]},{\"@type\":\"WebSite\",\"@id\":\"https:\\\/\\\/disaeng.com\\\/#website\",\"url\":\"https:\\\/\\\/disaeng.com\\\/\",\"name\":\"Disa Engenharia\",\"description\":\"Engenharia Consultoria\",\"publisher\":{\"@id\":\"https:\\\/\\\/disaeng.com\\\/#organization\"},\"potentialAction\":[{\"@type\":\"SearchAction\",\"target\":{\"@type\":\"EntryPoint\",\"urlTemplate\":\"https:\\\/\\\/disaeng.com\\\/?s={search_term_string}\"},\"query-input\":{\"@type\":\"PropertyValueSpecification\",\"valueRequired\":true,\"valueName\":\"search_term_string\"}}],\"inLanguage\":\"pt-BR\"},{\"@type\":\"Organization\",\"@id\":\"https:\\\/\\\/disaeng.com\\\/#organization\",\"name\":\"Disa Engenharia\",\"url\":\"https:\\\/\\\/disaeng.com\\\/\",\"logo\":{\"@type\":\"ImageObject\",\"inLanguage\":\"pt-BR\",\"@id\":\"https:\\\/\\\/disaeng.com\\\/#\\\/schema\\\/logo\\\/image\\\/\",\"url\":\"https:\\\/\\\/disaeng.com\\\/wp-content\\\/uploads\\\/2019\\\/04\\\/logo-disaeng-fundo.png\",\"contentUrl\":\"https:\\\/\\\/disaeng.com\\\/wp-content\\\/uploads\\\/2019\\\/04\\\/logo-disaeng-fundo.png\",\"width\":181,\"height\":80,\"caption\":\"Disa Engenharia\"},\"image\":{\"@id\":\"https:\\\/\\\/disaeng.com\\\/#\\\/schema\\\/logo\\\/image\\\/\"}}]}<\/script>\n<!-- \/ Yoast SEO plugin. -->","yoast_head_json":{"title":"Gerenciamento e Fiscaliza\u00e7\u00e3o de Obras em Condom\u00ednio | Disa","robots":{"index":"index","follow":"follow","max-snippet":"max-snippet:-1","max-image-preview":"max-image-preview:large","max-video-preview":"max-video-preview:-1"},"canonical":"https:\/\/disaeng.com\/?page_id=565","og_locale":"pt_BR","og_type":"article","og_title":"Gerenciamento e Fiscaliza\u00e7\u00e3o de Obras em Condom\u00ednio | Disa","og_description":"O gerenciamento de projetos\u00a0em condom\u00ednio \u00e9 um elemento que cada vez mais faz parte do cotidiano de qualquer condom\u00ednio. Um [&hellip;]","og_url":"https:\/\/disaeng.com\/?page_id=565","og_site_name":"Disa Engenharia","article_modified_time":"2021-01-30T22:24:58+00:00","og_image":[{"url":"https:\/\/disaeng.com\/wp-content\/uploads\/2021\/01\/image007.jpg","type":"","width":"","height":""}],"twitter_card":"summary_large_image","twitter_misc":{"Est. tempo de leitura":"2 minutos"},"schema":{"@context":"https:\/\/schema.org","@graph":[{"@type":"WebPage","@id":"https:\/\/disaeng.com\/?page_id=565","url":"https:\/\/disaeng.com\/?page_id=565","name":"Gerenciamento e Fiscaliza\u00e7\u00e3o de Obras em Condom\u00ednio | Disa","isPartOf":{"@id":"https:\/\/disaeng.com\/#website"},"primaryImageOfPage":{"@id":"https:\/\/disaeng.com\/?page_id=565#primaryimage"},"image":{"@id":"https:\/\/disaeng.com\/?page_id=565#primaryimage"},"thumbnailUrl":"https:\/\/disaeng.com\/wp-content\/uploads\/2021\/01\/image007.jpg","datePublished":"2020-12-13T13:41:15+00:00","dateModified":"2021-01-30T22:24:58+00:00","breadcrumb":{"@id":"https:\/\/disaeng.com\/?page_id=565#breadcrumb"},"inLanguage":"pt-BR","potentialAction":[{"@type":"ReadAction","target":["https:\/\/disaeng.com\/?page_id=565"]}]},{"@type":"ImageObject","inLanguage":"pt-BR","@id":"https:\/\/disaeng.com\/?page_id=565#primaryimage","url":"https:\/\/disaeng.com\/wp-content\/uploads\/2021\/01\/image007.jpg","contentUrl":"https:\/\/disaeng.com\/wp-content\/uploads\/2021\/01\/image007.jpg","width":588,"height":454},{"@type":"BreadcrumbList","@id":"https:\/\/disaeng.com\/?page_id=565#breadcrumb","itemListElement":[{"@type":"ListItem","position":1,"name":"In\u00edcio","item":"https:\/\/disaeng.com\/"},{"@type":"ListItem","position":2,"name":"Gerenciamento e Fiscaliza\u00e7\u00e3o de Obras em Condom\u00ednio"}]},{"@type":"WebSite","@id":"https:\/\/disaeng.com\/#website","url":"https:\/\/disaeng.com\/","name":"Disa Engenharia","description":"Engenharia Consultoria","publisher":{"@id":"https:\/\/disaeng.com\/#organization"},"potentialAction":[{"@type":"SearchAction","target":{"@type":"EntryPoint","urlTemplate":"https:\/\/disaeng.com\/?s={search_term_string}"},"query-input":{"@type":"PropertyValueSpecification","valueRequired":true,"valueName":"search_term_string"}}],"inLanguage":"pt-BR"},{"@type":"Organization","@id":"https:\/\/disaeng.com\/#organization","name":"Disa Engenharia","url":"https:\/\/disaeng.com\/","logo":{"@type":"ImageObject","inLanguage":"pt-BR","@id":"https:\/\/disaeng.com\/#\/schema\/logo\/image\/","url":"https:\/\/disaeng.com\/wp-content\/uploads\/2019\/04\/logo-disaeng-fundo.png","contentUrl":"https:\/\/disaeng.com\/wp-content\/uploads\/2019\/04\/logo-disaeng-fundo.png","width":181,"height":80,"caption":"Disa Engenharia"},"image":{"@id":"https:\/\/disaeng.com\/#\/schema\/logo\/image\/"}}]}},"_links":{"self":[{"href":"https:\/\/disaeng.com\/index.php?rest_route=\/wp\/v2\/pages\/565","targetHints":{"allow":["GET"]}}],"collection":[{"href":"https:\/\/disaeng.com\/index.php?rest_route=\/wp\/v2\/pages"}],"about":[{"href":"https:\/\/disaeng.com\/index.php?rest_route=\/wp\/v2\/types\/page"}],"author":[{"embeddable":true,"href":"https:\/\/disaeng.com\/index.php?rest_route=\/wp\/v2\/users\/2"}],"replies":[{"embeddable":true,"href":"https:\/\/disaeng.com\/index.php?rest_route=%2Fwp%2Fv2%2Fcomments&post=565"}],"version-history":[{"count":4,"href":"https:\/\/disaeng.com\/index.php?rest_route=\/wp\/v2\/pages\/565\/revisions"}],"predecessor-version":[{"id":620,"href":"https:\/\/disaeng.com\/index.php?rest_route=\/wp\/v2\/pages\/565\/revisions\/620"}],"wp:attachment":[{"href":"https:\/\/disaeng.com\/index.php?rest_route=%2Fwp%2Fv2%2Fmedia&parent=565"}],"curies":[{"name":"wp","href":"https:\/\/api.w.org\/{rel}","templated":true}]}}