{"id":571,"date":"2020-12-13T10:59:13","date_gmt":"2020-12-13T13:59:13","guid":{"rendered":"https:\/\/disaeng.com\/?page_id=571"},"modified":"2020-12-13T10:59:14","modified_gmt":"2020-12-13T13:59:14","slug":"vantagens-de-uma-obra-gerenciada-em-condominio","status":"publish","type":"page","link":"https:\/\/disaeng.com\/?page_id=571","title":{"rendered":"Vantagens de uma Obra Gerenciada em Condom\u00ednio"},"content":{"rendered":"\n<p>Com um bom <strong>GERENCIAMENTO DA OBRA<\/strong>, ganha-se organiza\u00e7\u00e3o, al\u00e9m de outras vantagens como:<\/p>\n\n\n\n<ul class=\"wp-block-list\"><li>Controle financeiro de todo o projeto, devido aos registros e anota\u00e7\u00f5es de \u00a0tudo o que \u00e9 comprado, o que \u00e9 usado e o que precisa ser reposto, assim n\u00e3o haver\u00e1 problemas com gastos inesperados ou de n\u00e3o saber para onde uma determinada quantia de dinheiro foi.<\/li><li>Com o <strong>GERENCIAMENTO<\/strong> \u00e9 possivel antecipar problemas (previs\u00e3o de poss\u00edveis circunst\u00e2ncias ruins) e ter uma r\u00e1pida solu\u00e7\u00e3o para elas. Pois os erros que venham a surgir sem o devido respaldo, resolv\u00ea-los poder\u00e3o comprometer a data de entrega da obra \u2013 ou seja, haver\u00e1 atrasos (e preju\u00edzo) no projeto.<\/li><li>Com o devido <strong>GERENCIAMENTO<\/strong>, a redu\u00e7\u00e3o dos gastos da obra, devido ao planejamento pr\u00e9vio, visto que fica mais f\u00e1cil or\u00e7ar os melhores materiais e os melhores profissionais, trazendo economia a curto prazo (investimento inicial reduzido) e a longo prazo (menos reparos, adi\u00e7\u00f5es e situa\u00e7\u00f5es similares).<\/li><li>Ganho de tempo pelo contratante do servi\u00e7o, podendo fazer suas atividades corriqueiras, uma vez que a preocupa\u00e7\u00e3o e a execu\u00e7\u00e3o da obra, fica a encargo da empresa contrata para gerenciar.<\/li><\/ul>\n\n\n\n<figure class=\"wp-block-image size-large\"><img fetchpriority=\"high\" decoding=\"async\" width=\"1000\" height=\"768\" src=\"https:\/\/disaeng.com\/wp-content\/uploads\/2020\/12\/WhatsApp-Image-2020-11-30-at-13.23.53.jpeg\" alt=\"\" class=\"wp-image-572\" srcset=\"https:\/\/disaeng.com\/wp-content\/uploads\/2020\/12\/WhatsApp-Image-2020-11-30-at-13.23.53.jpeg 1000w, https:\/\/disaeng.com\/wp-content\/uploads\/2020\/12\/WhatsApp-Image-2020-11-30-at-13.23.53-300x230.jpeg 300w, https:\/\/disaeng.com\/wp-content\/uploads\/2020\/12\/WhatsApp-Image-2020-11-30-at-13.23.53-768x590.jpeg 768w, https:\/\/disaeng.com\/wp-content\/uploads\/2020\/12\/WhatsApp-Image-2020-11-30-at-13.23.53-720x553.jpeg 720w\" sizes=\"(max-width: 1000px) 100vw, 1000px\" \/><\/figure>\n\n\n\n<p>Ainda tem d\u00favidas de como uma consultoria pode ajudar na gest\u00e3o de obras em condom\u00ednio?<br>Fale conosco agora mesmo<\/p>\n\n\n<div style=\"margin: 30px 0 30px;\"><a target=\"_blank\" href=\"https:\/\/api.whatsapp.com\/send?phone=\" class=\"wa__button wa__r_button wa__stt_online wa__btn_w_icon\" style=\"background-color: #2DB742; color: #fff\"><div class=\"wa__btn_icon\"><img decoding=\"async\" src=\"https:\/\/disaeng.com\/wp-content\/plugins\/wp-whatsapp\/assets\/img\/whatsapp_logo.svg\" alt=\"img\"\/><\/div><div class=\"wa__btn_txt\"><div class=\"wa__cs_info\"><div class=\"wa__cs_name\" style=\"color: #fff\">Fale pelo Whatsapp<\/div><div class=\"wa__cs_status\">Online<\/div><\/div><div class=\"wa__btn_title\">Tire suas d\u00favidas<\/div><\/div><\/a><\/div>","protected":false},"excerpt":{"rendered":"<p>Com um bom GERENCIAMENTO DA OBRA, ganha-se organiza\u00e7\u00e3o, al\u00e9m de outras vantagens como: Controle financeiro de todo o projeto, devido [&hellip;]<\/p>\n","protected":false},"author":2,"featured_media":0,"parent":0,"menu_order":0,"comment_status":"closed","ping_status":"closed","template":"","meta":{"footnotes":""},"class_list":["post-571","page","type-page","status-publish","hentry"],"yoast_head":"<!-- This site is optimized with the Yoast SEO plugin v27.5 - https:\/\/yoast.com\/product\/yoast-seo-wordpress\/ -->\n<title>Vantagens de uma Obra Gerenciada em Condom\u00ednio | Disa<\/title>\n<meta name=\"description\" content=\"Saiba algumas vantagens que voc\u00ea pode ter ao contratar uma empresa especializada em consultoria na gest\u00e3o de obras em condom\u00ednio.\" \/>\n<meta name=\"robots\" content=\"index, follow, max-snippet:-1, max-image-preview:large, max-video-preview:-1\" \/>\n<link rel=\"canonical\" href=\"https:\/\/disaeng.com\/?page_id=571\" \/>\n<meta property=\"og:locale\" content=\"pt_BR\" \/>\n<meta property=\"og:type\" content=\"article\" \/>\n<meta property=\"og:title\" content=\"Vantagens de uma Obra Gerenciada em Condom\u00ednio | Disa\" \/>\n<meta property=\"og:description\" content=\"Saiba algumas vantagens que voc\u00ea pode ter ao contratar uma empresa especializada em consultoria na gest\u00e3o de obras em condom\u00ednio.\" \/>\n<meta property=\"og:url\" content=\"https:\/\/disaeng.com\/?page_id=571\" \/>\n<meta property=\"og:site_name\" content=\"Disa Engenharia\" \/>\n<meta property=\"article:modified_time\" content=\"2020-12-13T13:59:14+00:00\" \/>\n<meta property=\"og:image\" content=\"https:\/\/disaeng.com\/wp-content\/uploads\/2020\/12\/WhatsApp-Image-2020-11-30-at-13.23.53.jpeg\" \/>\n<meta name=\"twitter:card\" content=\"summary_large_image\" \/>\n<meta name=\"twitter:label1\" content=\"Est. tempo de leitura\" \/>\n\t<meta name=\"twitter:data1\" content=\"1 minuto\" \/>\n<script type=\"application\/ld+json\" class=\"yoast-schema-graph\">{\"@context\":\"https:\\\/\\\/schema.org\",\"@graph\":[{\"@type\":\"WebPage\",\"@id\":\"https:\\\/\\\/disaeng.com\\\/?page_id=571\",\"url\":\"https:\\\/\\\/disaeng.com\\\/?page_id=571\",\"name\":\"Vantagens de uma Obra Gerenciada em Condom\u00ednio | Disa\",\"isPartOf\":{\"@id\":\"https:\\\/\\\/disaeng.com\\\/#website\"},\"primaryImageOfPage\":{\"@id\":\"https:\\\/\\\/disaeng.com\\\/?page_id=571#primaryimage\"},\"image\":{\"@id\":\"https:\\\/\\\/disaeng.com\\\/?page_id=571#primaryimage\"},\"thumbnailUrl\":\"https:\\\/\\\/disaeng.com\\\/wp-content\\\/uploads\\\/2020\\\/12\\\/WhatsApp-Image-2020-11-30-at-13.23.53.jpeg\",\"datePublished\":\"2020-12-13T13:59:13+00:00\",\"dateModified\":\"2020-12-13T13:59:14+00:00\",\"description\":\"Saiba algumas vantagens que voc\u00ea pode ter ao contratar uma empresa especializada em consultoria na gest\u00e3o de obras em condom\u00ednio.\",\"breadcrumb\":{\"@id\":\"https:\\\/\\\/disaeng.com\\\/?page_id=571#breadcrumb\"},\"inLanguage\":\"pt-BR\",\"potentialAction\":[{\"@type\":\"ReadAction\",\"target\":[\"https:\\\/\\\/disaeng.com\\\/?page_id=571\"]}]},{\"@type\":\"ImageObject\",\"inLanguage\":\"pt-BR\",\"@id\":\"https:\\\/\\\/disaeng.com\\\/?page_id=571#primaryimage\",\"url\":\"https:\\\/\\\/disaeng.com\\\/wp-content\\\/uploads\\\/2020\\\/12\\\/WhatsApp-Image-2020-11-30-at-13.23.53.jpeg\",\"contentUrl\":\"https:\\\/\\\/disaeng.com\\\/wp-content\\\/uploads\\\/2020\\\/12\\\/WhatsApp-Image-2020-11-30-at-13.23.53.jpeg\",\"width\":1000,\"height\":768},{\"@type\":\"BreadcrumbList\",\"@id\":\"https:\\\/\\\/disaeng.com\\\/?page_id=571#breadcrumb\",\"itemListElement\":[{\"@type\":\"ListItem\",\"position\":1,\"name\":\"In\u00edcio\",\"item\":\"https:\\\/\\\/disaeng.com\\\/\"},{\"@type\":\"ListItem\",\"position\":2,\"name\":\"Vantagens de uma Obra Gerenciada em Condom\u00ednio\"}]},{\"@type\":\"WebSite\",\"@id\":\"https:\\\/\\\/disaeng.com\\\/#website\",\"url\":\"https:\\\/\\\/disaeng.com\\\/\",\"name\":\"Disa Engenharia\",\"description\":\"Engenharia Consultoria\",\"publisher\":{\"@id\":\"https:\\\/\\\/disaeng.com\\\/#organization\"},\"potentialAction\":[{\"@type\":\"SearchAction\",\"target\":{\"@type\":\"EntryPoint\",\"urlTemplate\":\"https:\\\/\\\/disaeng.com\\\/?s={search_term_string}\"},\"query-input\":{\"@type\":\"PropertyValueSpecification\",\"valueRequired\":true,\"valueName\":\"search_term_string\"}}],\"inLanguage\":\"pt-BR\"},{\"@type\":\"Organization\",\"@id\":\"https:\\\/\\\/disaeng.com\\\/#organization\",\"name\":\"Disa Engenharia\",\"url\":\"https:\\\/\\\/disaeng.com\\\/\",\"logo\":{\"@type\":\"ImageObject\",\"inLanguage\":\"pt-BR\",\"@id\":\"https:\\\/\\\/disaeng.com\\\/#\\\/schema\\\/logo\\\/image\\\/\",\"url\":\"https:\\\/\\\/disaeng.com\\\/wp-content\\\/uploads\\\/2019\\\/04\\\/logo-disaeng-fundo.png\",\"contentUrl\":\"https:\\\/\\\/disaeng.com\\\/wp-content\\\/uploads\\\/2019\\\/04\\\/logo-disaeng-fundo.png\",\"width\":181,\"height\":80,\"caption\":\"Disa Engenharia\"},\"image\":{\"@id\":\"https:\\\/\\\/disaeng.com\\\/#\\\/schema\\\/logo\\\/image\\\/\"}}]}<\/script>\n<!-- \/ Yoast SEO plugin. -->","yoast_head_json":{"title":"Vantagens de uma Obra Gerenciada em Condom\u00ednio | Disa","description":"Saiba algumas vantagens que voc\u00ea pode ter ao contratar uma empresa especializada em consultoria na gest\u00e3o de obras em condom\u00ednio.","robots":{"index":"index","follow":"follow","max-snippet":"max-snippet:-1","max-image-preview":"max-image-preview:large","max-video-preview":"max-video-preview:-1"},"canonical":"https:\/\/disaeng.com\/?page_id=571","og_locale":"pt_BR","og_type":"article","og_title":"Vantagens de uma Obra Gerenciada em Condom\u00ednio | Disa","og_description":"Saiba algumas vantagens que voc\u00ea pode ter ao contratar uma empresa especializada em consultoria na gest\u00e3o de obras em condom\u00ednio.","og_url":"https:\/\/disaeng.com\/?page_id=571","og_site_name":"Disa Engenharia","article_modified_time":"2020-12-13T13:59:14+00:00","og_image":[{"url":"https:\/\/disaeng.com\/wp-content\/uploads\/2020\/12\/WhatsApp-Image-2020-11-30-at-13.23.53.jpeg","type":"","width":"","height":""}],"twitter_card":"summary_large_image","twitter_misc":{"Est. tempo de leitura":"1 minuto"},"schema":{"@context":"https:\/\/schema.org","@graph":[{"@type":"WebPage","@id":"https:\/\/disaeng.com\/?page_id=571","url":"https:\/\/disaeng.com\/?page_id=571","name":"Vantagens de uma Obra Gerenciada em Condom\u00ednio | Disa","isPartOf":{"@id":"https:\/\/disaeng.com\/#website"},"primaryImageOfPage":{"@id":"https:\/\/disaeng.com\/?page_id=571#primaryimage"},"image":{"@id":"https:\/\/disaeng.com\/?page_id=571#primaryimage"},"thumbnailUrl":"https:\/\/disaeng.com\/wp-content\/uploads\/2020\/12\/WhatsApp-Image-2020-11-30-at-13.23.53.jpeg","datePublished":"2020-12-13T13:59:13+00:00","dateModified":"2020-12-13T13:59:14+00:00","description":"Saiba algumas vantagens que voc\u00ea pode ter ao contratar uma empresa especializada em consultoria na gest\u00e3o de obras em condom\u00ednio.","breadcrumb":{"@id":"https:\/\/disaeng.com\/?page_id=571#breadcrumb"},"inLanguage":"pt-BR","potentialAction":[{"@type":"ReadAction","target":["https:\/\/disaeng.com\/?page_id=571"]}]},{"@type":"ImageObject","inLanguage":"pt-BR","@id":"https:\/\/disaeng.com\/?page_id=571#primaryimage","url":"https:\/\/disaeng.com\/wp-content\/uploads\/2020\/12\/WhatsApp-Image-2020-11-30-at-13.23.53.jpeg","contentUrl":"https:\/\/disaeng.com\/wp-content\/uploads\/2020\/12\/WhatsApp-Image-2020-11-30-at-13.23.53.jpeg","width":1000,"height":768},{"@type":"BreadcrumbList","@id":"https:\/\/disaeng.com\/?page_id=571#breadcrumb","itemListElement":[{"@type":"ListItem","position":1,"name":"In\u00edcio","item":"https:\/\/disaeng.com\/"},{"@type":"ListItem","position":2,"name":"Vantagens de uma Obra Gerenciada em Condom\u00ednio"}]},{"@type":"WebSite","@id":"https:\/\/disaeng.com\/#website","url":"https:\/\/disaeng.com\/","name":"Disa Engenharia","description":"Engenharia Consultoria","publisher":{"@id":"https:\/\/disaeng.com\/#organization"},"potentialAction":[{"@type":"SearchAction","target":{"@type":"EntryPoint","urlTemplate":"https:\/\/disaeng.com\/?s={search_term_string}"},"query-input":{"@type":"PropertyValueSpecification","valueRequired":true,"valueName":"search_term_string"}}],"inLanguage":"pt-BR"},{"@type":"Organization","@id":"https:\/\/disaeng.com\/#organization","name":"Disa Engenharia","url":"https:\/\/disaeng.com\/","logo":{"@type":"ImageObject","inLanguage":"pt-BR","@id":"https:\/\/disaeng.com\/#\/schema\/logo\/image\/","url":"https:\/\/disaeng.com\/wp-content\/uploads\/2019\/04\/logo-disaeng-fundo.png","contentUrl":"https:\/\/disaeng.com\/wp-content\/uploads\/2019\/04\/logo-disaeng-fundo.png","width":181,"height":80,"caption":"Disa Engenharia"},"image":{"@id":"https:\/\/disaeng.com\/#\/schema\/logo\/image\/"}}]}},"_links":{"self":[{"href":"https:\/\/disaeng.com\/index.php?rest_route=\/wp\/v2\/pages\/571","targetHints":{"allow":["GET"]}}],"collection":[{"href":"https:\/\/disaeng.com\/index.php?rest_route=\/wp\/v2\/pages"}],"about":[{"href":"https:\/\/disaeng.com\/index.php?rest_route=\/wp\/v2\/types\/page"}],"author":[{"embeddable":true,"href":"https:\/\/disaeng.com\/index.php?rest_route=\/wp\/v2\/users\/2"}],"replies":[{"embeddable":true,"href":"https:\/\/disaeng.com\/index.php?rest_route=%2Fwp%2Fv2%2Fcomments&post=571"}],"version-history":[{"count":1,"href":"https:\/\/disaeng.com\/index.php?rest_route=\/wp\/v2\/pages\/571\/revisions"}],"predecessor-version":[{"id":573,"href":"https:\/\/disaeng.com\/index.php?rest_route=\/wp\/v2\/pages\/571\/revisions\/573"}],"wp:attachment":[{"href":"https:\/\/disaeng.com\/index.php?rest_route=%2Fwp%2Fv2%2Fmedia&parent=571"}],"curies":[{"name":"wp","href":"https:\/\/api.w.org\/{rel}","templated":true}]}}