{"id":574,"date":"2020-12-13T11:03:56","date_gmt":"2020-12-13T14:03:56","guid":{"rendered":"https:\/\/disaeng.com\/?page_id=574"},"modified":"2020-12-13T11:03:57","modified_gmt":"2020-12-13T14:03:57","slug":"responsabilidades-do-sindico-em-uma-obra-de-condominio","status":"publish","type":"page","link":"https:\/\/disaeng.com\/?page_id=574","title":{"rendered":"Responsabilidades do S\u00edndico em uma Obra de Condom\u00ednio"},"content":{"rendered":"\n<p>Em resumo, qualquer altera\u00e7\u00e3o realizada nas unidades habitacionais ou \u00e1reas comuns do condom\u00ednio devem ser informadas ao s\u00edndico. Ponto importante \u00e9 que para executar uma reforma dentro da unidade habitacional, o cond\u00f4mino deve apresentar para o s\u00edndico um plano de obra e uma ART ou RRT, assinados, respectivamente, por um profissional habilitado que dever\u00e1 acompanhar a obra. Ao s\u00edndico cabe garantir que os projetos est\u00e3o sendo devidamente atendidos.<\/p>\n\n\n\n<figure class=\"wp-block-image size-large\"><img fetchpriority=\"high\" decoding=\"async\" width=\"904\" height=\"439\" src=\"https:\/\/disaeng.com\/wp-content\/uploads\/2020\/12\/gestao-obra-condominio.png\" alt=\"\" class=\"wp-image-575\" srcset=\"https:\/\/disaeng.com\/wp-content\/uploads\/2020\/12\/gestao-obra-condominio.png 904w, https:\/\/disaeng.com\/wp-content\/uploads\/2020\/12\/gestao-obra-condominio-300x146.png 300w, https:\/\/disaeng.com\/wp-content\/uploads\/2020\/12\/gestao-obra-condominio-768x373.png 768w, https:\/\/disaeng.com\/wp-content\/uploads\/2020\/12\/gestao-obra-condominio-720x350.png 720w\" sizes=\"(max-width: 904px) 100vw, 904px\" \/><\/figure>\n\n\n\n<p>A norma NBR 16.280 detalha as responsabilidades do s\u00edndico quanto as obras em fases, sendo:<\/p>\n\n\n\n<p><strong>ANTES DO IN\u00cdCIO DA OBRA \u2013 <\/strong>disponibilizando documentos exig\u00edveis e informando hor\u00e1rio de trabalho, procedimento de acesso de materiais e prestadores de servi\u00e7o \u00e0s \u00e1reas internas do condom\u00ednio, entre outros, para as empresas participantes do processo de concorr\u00eancia; recebendo as propostas das obras, encaminhando para an\u00e1lise t\u00e9cnica e legal; autorizando a entrada na edifica\u00e7\u00e3o de materiais e pessoas contratadas para realiza\u00e7\u00e3o das obras somente ap\u00f3s atendimento a todos os requisitos iniciais e promovendo a comunica\u00e7\u00e3o entre os cond\u00f4minos sobre o andamento dos processos de obras aprovadas no condom\u00ednio.<\/p>\n\n\n\n<p><strong>DURANTE AS OBRAS \u2013 <\/strong>verificando o atendimento ao plano de obras, para assegurar condi\u00e7\u00f5es necess\u00e1rias \u00e0 realiza\u00e7\u00e3o das mesmas; cumprindo e fazendo cumprir as delibera\u00e7\u00f5es em rela\u00e7\u00e3o \u00e0s obras aprovadas, em atendimento \u00e0 conven\u00e7\u00e3o, ao regimento interno e as determina\u00e7\u00f5es da assembleia e tomando a\u00e7\u00f5es legais necess\u00e1rias, sob qualquer condi\u00e7\u00e3o de risco iminente para a edifica\u00e7\u00e3o, seu entorno ou seus usu\u00e1rios.<\/p>\n\n\n\n<p><strong>AP\u00d3S AS OBRAS \u2013 <\/strong>vistoriando as condi\u00e7\u00f5es de finaliza\u00e7\u00e3o da obra; recebendo o termo de encerramento das obras emitido pelo executante; cancelando as autoriza\u00e7\u00f5es para entrada e circula\u00e7\u00e3o de materiais ou prestadores de servi\u00e7o da obra e arquivando toda documenta\u00e7\u00e3o oriunda da reforma, incluindo o termo de encerramento das obras emitido pelo executante.<\/p>\n\n\n\n<p>Para garantir o cumprimento de todas as etapas aqui mencionadas, gerando sucesso \u00e0 gest\u00e3o condominial, recomenda-se a contra\u00e7\u00e3o de uma <strong>GERENCIADORA DE OBRAS<\/strong>, empresa composta por profissionais habilitados com conhecimento t\u00e9cnico para gerir e acompanhar todos os processos, em todas as etapas, observando cada procedimento a ser realizado, trazendo maior seguran\u00e7a e comodidade ao s\u00edndico e condom\u00ednio, gerando ganhos de prazo, qualidade e custo durante o exerc\u00edcio das obras.<\/p>\n\n\n\n<p>Fale conosco agora mesmo e entenda a import\u00e2ncia de contratar uma consultoria na gest\u00e3o da obra do seu condom\u00ednio<\/p>\n\n\n<div style=\"margin: 30px 0 30px;\"><a target=\"_blank\" href=\"https:\/\/api.whatsapp.com\/send?phone=\" class=\"wa__button wa__r_button wa__stt_online wa__btn_w_icon\" style=\"background-color: #2DB742; color: #fff\"><div class=\"wa__btn_icon\"><img decoding=\"async\" src=\"https:\/\/disaeng.com\/wp-content\/plugins\/wp-whatsapp\/assets\/img\/whatsapp_logo.svg\" alt=\"img\"\/><\/div><div class=\"wa__btn_txt\"><div class=\"wa__cs_info\"><div class=\"wa__cs_name\" style=\"color: #fff\">Fale pelo Whatsapp<\/div><div class=\"wa__cs_status\">Online<\/div><\/div><div class=\"wa__btn_title\">Tire suas d\u00favidas<\/div><\/div><\/a><\/div>","protected":false},"excerpt":{"rendered":"<p>Em resumo, qualquer altera\u00e7\u00e3o realizada nas unidades habitacionais ou \u00e1reas comuns do condom\u00ednio devem ser informadas ao s\u00edndico. Ponto importante [&hellip;]<\/p>\n","protected":false},"author":2,"featured_media":0,"parent":0,"menu_order":0,"comment_status":"closed","ping_status":"closed","template":"","meta":{"footnotes":""},"class_list":["post-574","page","type-page","status-publish","hentry"],"yoast_head":"<!-- This site is optimized with the Yoast SEO plugin v27.5 - https:\/\/yoast.com\/product\/yoast-seo-wordpress\/ -->\n<title>Responsabilidades do S\u00edndico em uma Obra de Condom\u00ednio | Disa<\/title>\n<meta name=\"description\" content=\"Saiba as responsabilidades de um s\u00edndico ao realizar alguma obra no seu condom\u00ednio. Clique e saiba mais.\" \/>\n<meta name=\"robots\" content=\"index, follow, max-snippet:-1, max-image-preview:large, max-video-preview:-1\" \/>\n<link rel=\"canonical\" href=\"https:\/\/disaeng.com\/?page_id=574\" \/>\n<meta property=\"og:locale\" content=\"pt_BR\" \/>\n<meta property=\"og:type\" content=\"article\" \/>\n<meta property=\"og:title\" content=\"Responsabilidades do S\u00edndico em uma Obra de Condom\u00ednio | Disa\" \/>\n<meta property=\"og:description\" content=\"Saiba as responsabilidades de um s\u00edndico ao realizar alguma obra no seu condom\u00ednio. Clique e saiba mais.\" \/>\n<meta property=\"og:url\" content=\"https:\/\/disaeng.com\/?page_id=574\" \/>\n<meta property=\"og:site_name\" content=\"Disa Engenharia\" \/>\n<meta property=\"article:modified_time\" content=\"2020-12-13T14:03:57+00:00\" \/>\n<meta property=\"og:image\" content=\"https:\/\/disaeng.com\/wp-content\/uploads\/2020\/12\/gestao-obra-condominio.png\" \/>\n<meta name=\"twitter:card\" content=\"summary_large_image\" \/>\n<meta name=\"twitter:label1\" content=\"Est. tempo de leitura\" \/>\n\t<meta name=\"twitter:data1\" content=\"2 minutos\" \/>\n<script type=\"application\/ld+json\" class=\"yoast-schema-graph\">{\"@context\":\"https:\\\/\\\/schema.org\",\"@graph\":[{\"@type\":\"WebPage\",\"@id\":\"https:\\\/\\\/disaeng.com\\\/?page_id=574\",\"url\":\"https:\\\/\\\/disaeng.com\\\/?page_id=574\",\"name\":\"Responsabilidades do S\u00edndico em uma Obra de Condom\u00ednio | Disa\",\"isPartOf\":{\"@id\":\"https:\\\/\\\/disaeng.com\\\/#website\"},\"primaryImageOfPage\":{\"@id\":\"https:\\\/\\\/disaeng.com\\\/?page_id=574#primaryimage\"},\"image\":{\"@id\":\"https:\\\/\\\/disaeng.com\\\/?page_id=574#primaryimage\"},\"thumbnailUrl\":\"https:\\\/\\\/disaeng.com\\\/wp-content\\\/uploads\\\/2020\\\/12\\\/gestao-obra-condominio.png\",\"datePublished\":\"2020-12-13T14:03:56+00:00\",\"dateModified\":\"2020-12-13T14:03:57+00:00\",\"description\":\"Saiba as responsabilidades de um s\u00edndico ao realizar alguma obra no seu condom\u00ednio. Clique e saiba mais.\",\"breadcrumb\":{\"@id\":\"https:\\\/\\\/disaeng.com\\\/?page_id=574#breadcrumb\"},\"inLanguage\":\"pt-BR\",\"potentialAction\":[{\"@type\":\"ReadAction\",\"target\":[\"https:\\\/\\\/disaeng.com\\\/?page_id=574\"]}]},{\"@type\":\"ImageObject\",\"inLanguage\":\"pt-BR\",\"@id\":\"https:\\\/\\\/disaeng.com\\\/?page_id=574#primaryimage\",\"url\":\"https:\\\/\\\/disaeng.com\\\/wp-content\\\/uploads\\\/2020\\\/12\\\/gestao-obra-condominio.png\",\"contentUrl\":\"https:\\\/\\\/disaeng.com\\\/wp-content\\\/uploads\\\/2020\\\/12\\\/gestao-obra-condominio.png\",\"width\":904,\"height\":439},{\"@type\":\"BreadcrumbList\",\"@id\":\"https:\\\/\\\/disaeng.com\\\/?page_id=574#breadcrumb\",\"itemListElement\":[{\"@type\":\"ListItem\",\"position\":1,\"name\":\"In\u00edcio\",\"item\":\"https:\\\/\\\/disaeng.com\\\/\"},{\"@type\":\"ListItem\",\"position\":2,\"name\":\"Responsabilidades do S\u00edndico em uma Obra de Condom\u00ednio\"}]},{\"@type\":\"WebSite\",\"@id\":\"https:\\\/\\\/disaeng.com\\\/#website\",\"url\":\"https:\\\/\\\/disaeng.com\\\/\",\"name\":\"Disa Engenharia\",\"description\":\"Engenharia Consultoria\",\"publisher\":{\"@id\":\"https:\\\/\\\/disaeng.com\\\/#organization\"},\"potentialAction\":[{\"@type\":\"SearchAction\",\"target\":{\"@type\":\"EntryPoint\",\"urlTemplate\":\"https:\\\/\\\/disaeng.com\\\/?s={search_term_string}\"},\"query-input\":{\"@type\":\"PropertyValueSpecification\",\"valueRequired\":true,\"valueName\":\"search_term_string\"}}],\"inLanguage\":\"pt-BR\"},{\"@type\":\"Organization\",\"@id\":\"https:\\\/\\\/disaeng.com\\\/#organization\",\"name\":\"Disa Engenharia\",\"url\":\"https:\\\/\\\/disaeng.com\\\/\",\"logo\":{\"@type\":\"ImageObject\",\"inLanguage\":\"pt-BR\",\"@id\":\"https:\\\/\\\/disaeng.com\\\/#\\\/schema\\\/logo\\\/image\\\/\",\"url\":\"https:\\\/\\\/disaeng.com\\\/wp-content\\\/uploads\\\/2019\\\/04\\\/logo-disaeng-fundo.png\",\"contentUrl\":\"https:\\\/\\\/disaeng.com\\\/wp-content\\\/uploads\\\/2019\\\/04\\\/logo-disaeng-fundo.png\",\"width\":181,\"height\":80,\"caption\":\"Disa Engenharia\"},\"image\":{\"@id\":\"https:\\\/\\\/disaeng.com\\\/#\\\/schema\\\/logo\\\/image\\\/\"}}]}<\/script>\n<!-- \/ Yoast SEO plugin. -->","yoast_head_json":{"title":"Responsabilidades do S\u00edndico em uma Obra de Condom\u00ednio | Disa","description":"Saiba as responsabilidades de um s\u00edndico ao realizar alguma obra no seu condom\u00ednio. Clique e saiba mais.","robots":{"index":"index","follow":"follow","max-snippet":"max-snippet:-1","max-image-preview":"max-image-preview:large","max-video-preview":"max-video-preview:-1"},"canonical":"https:\/\/disaeng.com\/?page_id=574","og_locale":"pt_BR","og_type":"article","og_title":"Responsabilidades do S\u00edndico em uma Obra de Condom\u00ednio | Disa","og_description":"Saiba as responsabilidades de um s\u00edndico ao realizar alguma obra no seu condom\u00ednio. Clique e saiba mais.","og_url":"https:\/\/disaeng.com\/?page_id=574","og_site_name":"Disa Engenharia","article_modified_time":"2020-12-13T14:03:57+00:00","og_image":[{"url":"https:\/\/disaeng.com\/wp-content\/uploads\/2020\/12\/gestao-obra-condominio.png","type":"","width":"","height":""}],"twitter_card":"summary_large_image","twitter_misc":{"Est. tempo de leitura":"2 minutos"},"schema":{"@context":"https:\/\/schema.org","@graph":[{"@type":"WebPage","@id":"https:\/\/disaeng.com\/?page_id=574","url":"https:\/\/disaeng.com\/?page_id=574","name":"Responsabilidades do S\u00edndico em uma Obra de Condom\u00ednio | Disa","isPartOf":{"@id":"https:\/\/disaeng.com\/#website"},"primaryImageOfPage":{"@id":"https:\/\/disaeng.com\/?page_id=574#primaryimage"},"image":{"@id":"https:\/\/disaeng.com\/?page_id=574#primaryimage"},"thumbnailUrl":"https:\/\/disaeng.com\/wp-content\/uploads\/2020\/12\/gestao-obra-condominio.png","datePublished":"2020-12-13T14:03:56+00:00","dateModified":"2020-12-13T14:03:57+00:00","description":"Saiba as responsabilidades de um s\u00edndico ao realizar alguma obra no seu condom\u00ednio. Clique e saiba mais.","breadcrumb":{"@id":"https:\/\/disaeng.com\/?page_id=574#breadcrumb"},"inLanguage":"pt-BR","potentialAction":[{"@type":"ReadAction","target":["https:\/\/disaeng.com\/?page_id=574"]}]},{"@type":"ImageObject","inLanguage":"pt-BR","@id":"https:\/\/disaeng.com\/?page_id=574#primaryimage","url":"https:\/\/disaeng.com\/wp-content\/uploads\/2020\/12\/gestao-obra-condominio.png","contentUrl":"https:\/\/disaeng.com\/wp-content\/uploads\/2020\/12\/gestao-obra-condominio.png","width":904,"height":439},{"@type":"BreadcrumbList","@id":"https:\/\/disaeng.com\/?page_id=574#breadcrumb","itemListElement":[{"@type":"ListItem","position":1,"name":"In\u00edcio","item":"https:\/\/disaeng.com\/"},{"@type":"ListItem","position":2,"name":"Responsabilidades do S\u00edndico em uma Obra de Condom\u00ednio"}]},{"@type":"WebSite","@id":"https:\/\/disaeng.com\/#website","url":"https:\/\/disaeng.com\/","name":"Disa Engenharia","description":"Engenharia Consultoria","publisher":{"@id":"https:\/\/disaeng.com\/#organization"},"potentialAction":[{"@type":"SearchAction","target":{"@type":"EntryPoint","urlTemplate":"https:\/\/disaeng.com\/?s={search_term_string}"},"query-input":{"@type":"PropertyValueSpecification","valueRequired":true,"valueName":"search_term_string"}}],"inLanguage":"pt-BR"},{"@type":"Organization","@id":"https:\/\/disaeng.com\/#organization","name":"Disa Engenharia","url":"https:\/\/disaeng.com\/","logo":{"@type":"ImageObject","inLanguage":"pt-BR","@id":"https:\/\/disaeng.com\/#\/schema\/logo\/image\/","url":"https:\/\/disaeng.com\/wp-content\/uploads\/2019\/04\/logo-disaeng-fundo.png","contentUrl":"https:\/\/disaeng.com\/wp-content\/uploads\/2019\/04\/logo-disaeng-fundo.png","width":181,"height":80,"caption":"Disa Engenharia"},"image":{"@id":"https:\/\/disaeng.com\/#\/schema\/logo\/image\/"}}]}},"_links":{"self":[{"href":"https:\/\/disaeng.com\/index.php?rest_route=\/wp\/v2\/pages\/574","targetHints":{"allow":["GET"]}}],"collection":[{"href":"https:\/\/disaeng.com\/index.php?rest_route=\/wp\/v2\/pages"}],"about":[{"href":"https:\/\/disaeng.com\/index.php?rest_route=\/wp\/v2\/types\/page"}],"author":[{"embeddable":true,"href":"https:\/\/disaeng.com\/index.php?rest_route=\/wp\/v2\/users\/2"}],"replies":[{"embeddable":true,"href":"https:\/\/disaeng.com\/index.php?rest_route=%2Fwp%2Fv2%2Fcomments&post=574"}],"version-history":[{"count":1,"href":"https:\/\/disaeng.com\/index.php?rest_route=\/wp\/v2\/pages\/574\/revisions"}],"predecessor-version":[{"id":576,"href":"https:\/\/disaeng.com\/index.php?rest_route=\/wp\/v2\/pages\/574\/revisions\/576"}],"wp:attachment":[{"href":"https:\/\/disaeng.com\/index.php?rest_route=%2Fwp%2Fv2%2Fmedia&parent=574"}],"curies":[{"name":"wp","href":"https:\/\/api.w.org\/{rel}","templated":true}]}}